{"id":14,"date":"2024-04-14T12:22:46","date_gmt":"2024-04-14T12:22:46","guid":{"rendered":"https:\/\/sevilma.com\/?page_id=14"},"modified":"2024-08-30T16:57:05","modified_gmt":"2024-08-30T16:57:05","slug":"iade-politikasi","status":"publish","type":"page","link":"https:\/\/sevilma.com\/en\/iade-politikasi\/","title":{"rendered":"Return Policy"},"content":{"rendered":"<h3 class=\"wp-block-heading\">Genel Bak\u0131\u015f<\/h3>\n\n\n\n<p>\u0130ade ve geri \u00f6deme politikam\u0131z 30 g\u00fcn s\u00fcrmektedir. Sat\u0131n alma i\u015fleminizin \u00fczerinden 30 g\u00fcn ge\u00e7tiyse, size tam bir geri \u00f6deme veya de\u011fi\u015fim sunamay\u0131z.<\/p>\n\n\n\n<p>\u0130ade i\u00e7in uygun olabilmesi i\u00e7in, \u00fcr\u00fcn\u00fcn\u00fcz\u00fcn kullan\u0131lmam\u0131\u015f ve ald\u0131\u011f\u0131n\u0131z ayn\u0131 durumda olmas\u0131 gerekir. Ayr\u0131ca orijinal ambalaj\u0131nda olmal\u0131d\u0131r.<\/p>\n\n\n\n<p>\u0130ade edilemeyen ek \u00fcr\u00fcnler:<\/p>\n\n\n\n<ul class=\"wp-block-list\">\n<li>Hediye kartlar\u0131<\/li>\n\n\n\n<li>Belirli bir miktar t\u00fcketilmi\u015f \u00fcr\u00fcnler<\/li>\n<\/ul>\n\n\n\n<p>\u0130adenizi tamamlamak i\u00e7in bir makbuz veya sat\u0131n alma belgesine ihtiyac\u0131m\u0131z vard\u0131r.<\/p>\n\n\n\n<h2 class=\"wp-block-heading\">Para \u0130adeleri<\/h2>\n\n\n\n<p>\u0130adeniz al\u0131n\u0131p incelendikten sonra, iade \u00fcr\u00fcn\u00fcn\u00fcz\u00fc ald\u0131\u011f\u0131m\u0131z\u0131 bildirmek i\u00e7in size bir e-posta g\u00f6nderece\u011fiz. Ayr\u0131ca iadenizin onayland\u0131\u011f\u0131n\u0131 veya reddedildi\u011fini de size bildirece\u011fiz<\/p>\n\n\n\n<p>Onaylanman\u0131z halinde, iade i\u015fleminiz ger\u00e7ekle\u015ftirilecek ve 15 g\u00fcn i\u00e7inde kredi kart\u0131n\u0131za veya orijinal \u00f6deme y\u00f6nteminize otomatik olarak bir kredi uygulanacakt\u0131r.<\/p>\n\n\n\n<p><b>Ge\u00e7 veya eksik geri \u00f6demeler<\/b><\/p>\n\n\n\n<p>Hen\u00fcz bir geri \u00f6deme almad\u0131ysan\u0131z, \u00f6nce banka hesab\u0131n\u0131z\u0131 tekrar kontrol edin.<\/p>\n\n\n\n<p>Ard\u0131ndan kredi kart\u0131 \u015firketinizle ileti\u015fime ge\u00e7in, iadenizin resmi olarak g\u00f6nderilmesi biraz zaman alabilir.<\/p>\n\n\n\n<p>Ard\u0131ndan bankan\u0131zla ileti\u015fime ge\u00e7in. Para iadesi g\u00f6nderilmeden \u00f6nce genellikle bir miktar i\u015flem s\u00fcresi vard\u0131r.<\/p>\n\n\n\n<p>T\u00fcm bunlar\u0131 yapt\u0131ysan\u0131z ve hala para iadenizi almad\u0131ysan\u0131z, l\u00fctfen <a href=\"mailto:info@sevilma.com\">info@sevilma.com<\/a> adresinden bizimle ileti\u015fime ge\u00e7in.<\/p>\n\n\n\n<p><b>\u0130ndirimli \u00fcr\u00fcnler<\/b><\/p>\n\n\n\n<p>Yaln\u0131zca normal fiyatl\u0131 \u00fcr\u00fcnler iade edilebilir. \u0130ndirimli \u00fcr\u00fcnlerin iadesi yap\u0131lamaz.<\/p>\n\n\n\n<h2 class=\"wp-block-heading\">De\u011fi\u015fimler<\/h2>\n\n\n\n<p>\u00dcr\u00fcnleri yaln\u0131zca kusurlu veya hasarl\u0131 olmalar\u0131 durumunda de\u011fi\u015ftiriyoruz. Ayn\u0131 \u00fcr\u00fcnle de\u011fi\u015ftirmeniz gerekiyorsa, bize {e-posta adresi} adresinden bir e-posta g\u00f6nderin ve \u00f6\u011fenizi \u015fu adrese g\u00f6nderin: Orhanl\u0131 Mahallesi Temesealt\u0131 K\u00fcme Evleri No:15\/1 (Orhanl\u0131 Caddesi), 35460 Seferihisar, T\u00fcrkiye.<\/p>\n\n\n\n<h2 class=\"wp-block-heading\">Hediyeler<\/h2>\n\n\n\n<p>\u00dcr\u00fcn sat\u0131n al\u0131nd\u0131\u011f\u0131nda hediye olarak i\u015faretlenmi\u015f ve do\u011frudan size g\u00f6nderilmi\u015fse, iadenizin de\u011feri kadar bir hediye kredisi alacaks\u0131n\u0131z. \u0130ade edilen \u00fcr\u00fcn teslim al\u0131nd\u0131\u011f\u0131nda, size bir hediye sertifikas\u0131 postalanacakt\u0131r.<\/p>\n\n\n\n<p>\u00dcr\u00fcn sat\u0131n al\u0131nd\u0131\u011f\u0131nda hediye olarak i\u015faretlenmemi\u015fse veya hediye veren ki\u015fi sipari\u015fi daha sonra size vermek \u00fczere kendisine g\u00f6ndermi\u015fse, hediye verene para iadesi g\u00f6nderece\u011fiz ve iadenizden haberdar olacaklard\u0131r.<\/p>\n\n\n\n<h2 class=\"wp-block-heading\">\u0130ade Nakliyesi<\/h2>\n\n\n\n<p>\u00dcr\u00fcn\u00fcn\u00fcz\u00fc iade etmek i\u00e7in \u00fcr\u00fcn\u00fcn\u00fcz\u00fc \u015fu adrese postalaman\u0131z gerekmektedir: Orhanl\u0131 Mahallesi Temesealt\u0131 K\u00fcme Evleri No:15\/1 (Orhanl\u0131 Caddesi), 35460 Seferihisar, T\u00fcrkiye.<\/p>\n\n\n\n<p>\u00dcr\u00fcn\u00fcn\u00fcz\u00fc iade etmek i\u00e7in kendi nakliye masraflar\u0131n\u0131z\u0131 \u00f6demekten sorumlu olacaks\u0131n\u0131z. Nakliye masraflar\u0131 iade edilmez. Para iadesi al\u0131rsan\u0131z, iade kargo \u00fccreti para iadenizden d\u00fc\u015f\u00fclecektir.<\/p>\n\n\n\n<p>Ya\u015fad\u0131\u011f\u0131n\u0131z yere ba\u011fl\u0131 olarak, de\u011fi\u015ftirilen \u00fcr\u00fcn\u00fcn\u00fcz\u00fcn size ula\u015fma s\u00fcresi de\u011fi\u015febilir.<\/p>\n\n\n\n<p>Daha pahal\u0131 \u00fcr\u00fcnleri iade ediyorsan\u0131z, izlenebilir bir nakliye hizmeti kullanmay\u0131 veya nakliye sigortas\u0131 sat\u0131n almay\u0131 d\u00fc\u015f\u00fcnebilirsiniz. \u0130ade etti\u011finiz \u00fcr\u00fcn\u00fc teslim alaca\u011f\u0131m\u0131z\u0131 garanti etmiyoruz.<\/p>\n\n\n\n<h2 class=\"wp-block-heading\">Yard\u0131ma ihtiyac\u0131n\u0131z var m\u0131?<\/h2>\n\n\n\n<p>\u0130ade ve geri \u00f6demelerle ilgili sorular\u0131n\u0131z i\u00e7in <a href=\"mailto:info@sevilma.com\">info@sevilma.com<\/a> adresinden bize ula\u015f\u0131n.<\/p>","protected":false},"excerpt":{"rendered":"<p>Genel Bak\u0131\u015f \u0130ade ve geri \u00f6deme politikam\u0131z 30 g\u00fcn s\u00fcrmektedir. Sat\u0131n alma i\u015fleminizin \u00fczerinden 30 g\u00fcn ge\u00e7tiyse, size tam bir geri \u00f6deme veya de\u011fi\u015fim sunamay\u0131z. \u0130ade i\u00e7in uygun olabilmesi i\u00e7in, \u00fcr\u00fcn\u00fcn\u00fcz\u00fcn kullan\u0131lmam\u0131\u015f ve ald\u0131\u011f\u0131n\u0131z ayn\u0131 durumda olmas\u0131 gerekir. Ayr\u0131ca orijinal ambalaj\u0131nda olmal\u0131d\u0131r. \u0130ade edilemeyen ek \u00fcr\u00fcnler: \u0130adenizi tamamlamak i\u00e7in bir makbuz veya sat\u0131n alma belgesine [&hellip;]<\/p>\n","protected":false},"author":1,"featured_media":0,"parent":0,"menu_order":0,"comment_status":"closed","ping_status":"closed","template":"","meta":{"_uag_custom_page_level_css":"","site-sidebar-layout":"default","site-content-layout":"","ast-site-content-layout":"default","site-content-style":"default","site-sidebar-style":"default","ast-global-header-display":"","ast-banner-title-visibility":"","ast-main-header-display":"","ast-hfb-above-header-display":"","ast-hfb-below-header-display":"","ast-hfb-mobile-header-display":"","site-post-title":"","ast-breadcrumbs-content":"","ast-featured-img":"","footer-sml-layout":"","ast-disable-related-posts":"","theme-transparent-header-meta":"","adv-header-id-meta":"","stick-header-meta":"","header-above-stick-meta":"","header-main-stick-meta":"","header-below-stick-meta":"","astra-migrate-meta-layouts":"set","ast-page-background-enabled":"default","ast-page-background-meta":{"desktop":{"background-color":"var(--ast-global-color-4)","background-image":"","background-repeat":"repeat","background-position":"center center","background-size":"auto","background-attachment":"scroll","background-type":"","background-media":"","overlay-type":"","overlay-color":"","overlay-opacity":"","overlay-gradient":""},"tablet":{"background-color":"","background-image":"","background-repeat":"repeat","background-position":"center center","background-size":"auto","background-attachment":"scroll","background-type":"","background-media":"","overlay-type":"","overlay-color":"","overlay-opacity":"","overlay-gradient":""},"mobile":{"background-color":"","background-image":"","background-repeat":"repeat","background-position":"center center","background-size":"auto","background-attachment":"scroll","background-type":"","background-media":"","overlay-type":"","overlay-color":"","overlay-opacity":"","overlay-gradient":""}},"ast-content-background-meta":{"desktop":{"background-color":"var(--ast-global-color-5)","background-image":"","background-repeat":"repeat","background-position":"center center","background-size":"auto","background-attachment":"scroll","background-type":"","background-media":"","overlay-type":"","overlay-color":"","overlay-opacity":"","overlay-gradient":""},"tablet":{"background-color":"var(--ast-global-color-5)","background-image":"","background-repeat":"repeat","background-position":"center center","background-size":"auto","background-attachment":"scroll","background-type":"","background-media":"","overlay-type":"","overlay-color":"","overlay-opacity":"","overlay-gradient":""},"mobile":{"background-color":"var(--ast-global-color-5)","background-image":"","background-repeat":"repeat","background-position":"center center","background-size":"auto","background-attachment":"scroll","background-type":"","background-media":"","overlay-type":"","overlay-color":"","overlay-opacity":"","overlay-gradient":""}},"footnotes":""},"class_list":["post-14","page","type-page","status-publish","hentry"],"uagb_featured_image_src":{"full":false,"thumbnail":false,"medium":false,"medium_large":false,"large":false,"1536x1536":false,"2048x2048":false,"trp-custom-language-flag":false,"woocommerce_thumbnail":false,"woocommerce_single":false,"woocommerce_gallery_thumbnail":false},"uagb_author_info":{"display_name":"erdem","author_link":"https:\/\/sevilma.com\/en\/author\/erdem\/"},"uagb_comment_info":0,"uagb_excerpt":"Genel Bak\u0131\u015f \u0130ade ve geri \u00f6deme politikam\u0131z 30 g\u00fcn s\u00fcrmektedir. Sat\u0131n alma i\u015fleminizin \u00fczerinden 30 g\u00fcn ge\u00e7tiyse, size tam bir geri \u00f6deme veya de\u011fi\u015fim sunamay\u0131z. \u0130ade i\u00e7in uygun olabilmesi i\u00e7in, \u00fcr\u00fcn\u00fcn\u00fcz\u00fcn kullan\u0131lmam\u0131\u015f ve ald\u0131\u011f\u0131n\u0131z ayn\u0131 durumda olmas\u0131 gerekir. Ayr\u0131ca orijinal ambalaj\u0131nda olmal\u0131d\u0131r. \u0130ade edilemeyen ek \u00fcr\u00fcnler: \u0130adenizi tamamlamak i\u00e7in bir makbuz veya sat\u0131n alma belgesine&hellip;","_links":{"self":[{"href":"https:\/\/sevilma.com\/en\/wp-json\/wp\/v2\/pages\/14","targetHints":{"allow":["GET"]}}],"collection":[{"href":"https:\/\/sevilma.com\/en\/wp-json\/wp\/v2\/pages"}],"about":[{"href":"https:\/\/sevilma.com\/en\/wp-json\/wp\/v2\/types\/page"}],"author":[{"embeddable":true,"href":"https:\/\/sevilma.com\/en\/wp-json\/wp\/v2\/users\/1"}],"replies":[{"embeddable":true,"href":"https:\/\/sevilma.com\/en\/wp-json\/wp\/v2\/comments?post=14"}],"version-history":[{"count":0,"href":"https:\/\/sevilma.com\/en\/wp-json\/wp\/v2\/pages\/14\/revisions"}],"wp:attachment":[{"href":"https:\/\/sevilma.com\/en\/wp-json\/wp\/v2\/media?parent=14"}],"curies":[{"name":"wp","href":"https:\/\/api.w.org\/{rel}","templated":true}]}}