{"id":3219,"date":"2025-08-12T13:13:01","date_gmt":"2025-08-12T13:13:01","guid":{"rendered":"https:\/\/sevilma.com\/?page_id=3219"},"modified":"2025-09-10T10:05:42","modified_gmt":"2025-09-10T10:05:42","slug":"hikayemiz","status":"publish","type":"page","link":"https:\/\/sevilma.com\/en\/hikayemiz\/","title":{"rendered":"Hik\u00e2yemiz"},"content":{"rendered":"<div class=\"wp-block-uagb-container uagb-block-0853bbbc alignfull uagb-is-root-container\"><div class=\"uagb-container-inner-blocks-wrap\">\n<div class=\"wp-block-uagb-advanced-heading uagb-block-fccb81b8\"><h1 class=\"uagb-heading-text\"><strong>Hik\u00e2yemiz<\/strong><\/h1><\/div>\n<\/div><\/div>\n\n\n\n<div id=\"ilham\" class=\"wp-block-uagb-container uagb-block-cb8a27eb alignfull uagb-is-root-container\"><div class=\"uagb-container-inner-blocks-wrap\">\n<div class=\"wp-block-uagb-container uagb-block-1ffc9321\">\n<div class=\"wp-block-uagb-advanced-heading uagb-block-27f47db3\"><h6 class=\"uagb-heading-text\"><strong><strong><strong>Hik\u00e2yemiz<\/strong><\/strong><\/strong><\/h6><\/div>\n\n\n\n<p><\/p>\n\n\n\t\t\t\t\t<div\n\t\t\t\t\t\tclass=\"wp-block-uagb-image-gallery uagb-block-9e222de7\"\n\t\t\t\t\t\tstyle=\"\"\n\t\t\t\t\t>\n\t\t\t\t\t\t\t\t\t\t\t<div class=\"spectra-image-gallery spectra-image-gallery__layout--masonry spectra-image-gallery__layout--masonry-col-1 spectra-image-gallery__layout--masonry-col-tab-1 spectra-image-gallery__layout--masonry-col-mob-1\">\n\t\t\t\t\t\t\t\t\t\t\t<div class='spectra-image-gallery__media-wrapper--isotope'>\n\t\t\t\t\t\t\t<div class='spectra-image-gallery__media-wrapper' data-spectra-gallery-image-id='2290' tabindex=\"0\">\n\t\t\t\t\t\t\t<div class=\"spectra-image-gallery__media spectra-image-gallery__media--masonry\">\n\t\t\t\t<picture>\n\t\t\t\t\t<source media=\"(min-width: 1024px)\" srcset=\"https:\/\/sevilma.com\/wp-content\/uploads\/sevilma_aile-690x1024.jpg\">\n\t\t\t\t\t<source media=\"(min-width: 768px)\" srcset=\"https:\/\/sevilma.com\/wp-content\/uploads\/sevilma_aile-690x1024.jpg\">\n\t\t\t\t\t<img decoding=\"async\" class=\"spectra-image-gallery__media-thumbnail spectra-image-gallery__media-thumbnail--masonry\" src=\"https:\/\/sevilma.com\/wp-content\/uploads\/sevilma_aile-202x300.jpg\" alt=\"\" loading=\"lazy\" title=\"\">\n\t\t\t\t<\/picture>\n\t\t\t\t<div class=\"spectra-image-gallery__media-thumbnail-blurrer\"><\/div>\n\t\t\t\t\t\t\t\t\t\t\t<div class=\"spectra-image-gallery__media-thumbnail-caption-wrapper spectra-image-gallery__media-thumbnail-caption-wrapper--overlay\"><\/div>\n\t\t\t\t\t\t\t\t<\/div>\n\t\t\t\t\t\t<\/div>\n\t\t\t\t\t\t<\/div>\n\t\t\t\t\t\t\t\t\t\t<\/div>\n\t\t\t\t\t\t\t\t\t\t\t\t\t\t\t\t\t\t<\/div>\n\t\t\t\t\t\t\t\t\t\t\t<div class='spectra-image-gallery__control-lightbox' tabindex='0'>\n\t\t\t\t\t\t\t\t\t\t\t<div class=\"swiper spectra-image-gallery__control-lightbox--main\" dir=\"\">\n\t\t\t\t\t<div class=\"swiper-wrapper\">\n\t\t\t\t\t\t\t\t\t\t\t\t\t\n\t\t\t\t\t\t\t<div class=\"swiper-slide\">\n\t\t\t\t\t\t\t\t<img class=\"swiper-lazy\" data-src=\"https:\/\/sevilma.com\/wp-content\/uploads\/sevilma_aile.jpg\" alt=\"\"\/>\n\t\t\t\t\t\t\t\t<div class=\"swiper-lazy-preloader swiper-lazy-preloader-white\"><\/div>\n\t\t\t\t\t\t\t\t\t\t\t\t\t\t\t<\/div>\n\t\t\t\t\t\t\t\t\t\t\t<\/div>\n\t\t\t\t\t<div class=\"swiper-button-next\"><\/div>\n\t\t\t\t\t<div class=\"swiper-button-prev\"><\/div>\n\t\t\t\t<\/div>\t\t\t\n\t\t\t\t\t\t\t\t\t\t\t\t\t\t\t\t\t\t\t\t\t\t\t\t\t\t\t\t\t\t\t\t<button class='spectra-image-gallery__control-lightbox--close' aria-label=\"Close\">\n\t\t\t\t\t\t\t\t\t\t\t\t\t<svg xmlns=\"https:\/\/www.w3.org\/2000\/svg\" viewbox= \"0 0 320 512\"><path d=\"M310.6 361.4c12.5 12.5 12.5 32.75 0 45.25C304.4 412.9 296.2 416 288 416s-16.38-3.125-22.62-9.375L160 301.3L54.63 406.6C48.38 412.9 40.19 416 32 416S15.63 412.9 9.375 406.6c-12.5-12.5-12.5-32.75 0-45.25l105.4-105.4L9.375 150.6c-12.5-12.5-12.5-32.75 0-45.25s32.75-12.5 45.25 0L160 210.8l105.4-105.4c12.5-12.5 32.75-12.5 45.25 0s12.5 32.75 0 45.25l-105.4 105.4L310.6 361.4z\"><\/path><\/svg>\n\t\t\t\t\t\t\t\t\t\t\t\t<\/button>\n\t\t\t\t\t\t\t\t\t\t\t\t\t<\/div>\n\t\t\t\t\t\t\t\t\t<\/div>\n\n\n\n<div class=\"wp-block-uagb-container uagb-block-6fd6ef76\">\n<h4 class=\"wp-block-heading\">Bizler, \u00c7anakkale Gelibolu\u2019da 250 y\u0131ld\u0131r bu\u011fday \u00fcreten At\u0131f Eken \u00c7iftli\u011fi\u2019nin \u00fcyeleriyiz. 2011\u2019de Seferihisar\u2019a yerle\u015ftik. Zaman i\u00e7inde Ege\u2019nin zeytin k\u00fclt\u00fcr\u00fcn\u00fc ke\u015ffettik ve Seferihisar Orhanl\u0131 k\u00f6y\u00fcndeki de\u011ferli kom\u015fular\u0131m\u0131zdan \u00f6\u011frenmeye ba\u015flad\u0131k. Zeytin zamanla bizim i\u00e7in bir a\u015fka d\u00f6n\u00fc\u015ft\u00fc.<\/h4>\n\n\n\n<p>On y\u0131l kadar \u00f6nce bu\u011fdaya dayal\u0131 \u00e7ift\u00e7ilik gelene\u011fimizi Ege\u2019de zeytinya\u011f\u0131 \u00fcreterek geni\u015fletmek istedik. Yeni \u00e7iftli\u011fimize annemiz Sevil Eken\u2019in ad\u0131n\u0131 daim k\u0131lmak i\u00e7in Sevilma ismini verdik. 2022 y\u0131l\u0131nda \u00e7iftli\u011fin bir par\u00e7as\u0131 haline gelen zeytinya\u011f\u0131 i\u015fleme tesisimize ise babam\u0131z\u0131n ad\u0131n\u0131 verdik: Ercan Baba Zeytinya\u011f\u0131 Fabrikas\u0131. \u00c7iftli\u011fimiz, Orhanl\u0131 k\u00f6y\u00fcn\u00fcn \u00e7al\u0131\u015fkan gen\u00e7lerinin \u00f6zverisiyle kuruldu ve bug\u00fcn onlar da bu ailenin ayr\u0131lmaz bir par\u00e7as\u0131 oldu.<\/p>\n\n\n\n<p>\u00c7al\u0131\u015fmalar\u0131m\u0131z\u0131n gayesi yaln\u0131zca g\u0131da \u00fcretmek ve satmak de\u011fil. Biz bu bah\u00e7ede do\u011fayla uyumu \u00e7o\u011faltmak, Anadolu\u2019nun bereket uygarl\u0131\u011f\u0131n\u0131 gelecek nesillere ta\u015f\u0131mak ve herkesi sa\u011fl\u0131kl\u0131 g\u0131dayla bulu\u015fturmak i\u00e7in \u00e7al\u0131\u015f\u0131yoruz.<\/p>\n\n\n\n<p>Sevilma zeytinya\u011flar\u0131n\u0131 bu de\u011ferlerin rehberli\u011finde Ercan Baba Zeytinya\u011f\u0131 Fabrikam\u0131zda \u00fcretiyoruz. UNESCO taraf\u0131ndan k\u00fclt\u00fcr miras\u0131 ve Slow Food taraf\u0131ndan Presidium olarak tescillenen Ege Kadim \u00dcretim Havzalar\u0131 zeytinya\u011f\u0131n\u0131 ya\u015fatmay\u0131 ve \u00e7o\u011faltmay\u0131 kendine hedef edinmi\u015f T\u00fcrkiye\u2019deki tek zeytinya\u011f\u0131 \u00fcreticisiyiz.<\/p>\n\n\n\n<p>Sevilma Zeytin Bah\u00e7emiz, 2024 y\u0131l\u0131n\u0131n sonunda T\u00fcrkiye\u2019nin ilk Slow Food \u00c7iftli\u011fi olmaya hak kazand\u0131. 2025 y\u0131l\u0131nda ise agroekolojinin yayg\u0131nla\u015fmas\u0131 i\u00e7in \u00e7al\u0131\u015fan D\u00fcnya Agroekoloji Birli\u011fi\u2019nin ve Agroekoloji Avrupa\u2019n\u0131n \u00fcyesi olduk.<\/p>\n\n\n\n<p>Sevilma Zeytin Bah\u00e7esi\u2019nde k\u0131s\u0131tl\u0131 miktarda yeti\u015fen di\u011fer \u00fcr\u00fcnlerimizi de internet sitemiz arac\u0131l\u0131\u011f\u0131yla do\u011fadan sofralara ta\u015f\u0131yoruz. Bir annenin evlad\u0131na g\u00f6n\u00fcl rahatl\u0131\u011f\u0131yla yedirebilece\u011fi \u00fcr\u00fcnleri yeti\u015ftirmek i\u00e7in heyecan ve \u00f6zenle \u00e7al\u0131\u015f\u0131yoruz. Kendi \u00fcretmedi\u011fimiz hi\u00e7bir \u00fcr\u00fcn\u00fc sat\u0131\u015fa sunmuyoruz.<\/p>\n\n\n\n<p>T\u00fcm bunlar\u0131 yaparken en b\u00fcy\u00fck rehberimiz Orhanl\u0131 Vadisi\u2019nin do\u011fas\u0131n\u0131 bug\u00fcne kadar g\u00f6zbebe\u011fi gibi korumu\u015f olan k\u00f6y\u00fcm\u00fcz\u00fcn vefakar ve \u00fcretken insanlar\u0131.<\/p>\n\n\n\n<p>Bereketimiz bol ve daim olsun. Kurda, ku\u015fa, a\u015fa\u2026<\/p>\n\n\n\n<p>Sevilma&nbsp;Ekibi<\/p>\n<\/div>\n<\/div><\/div>\n\n\n\n<div id=\"yz\" class=\"wp-block-uagb-container uagb-block-c262a463 alignfull uagb-is-root-container\">\n<div class=\"wp-block-uagb-container uagb-block-4c8416e7\">\t\t\t\t\t<div\n\t\t\t\t\t\tclass=\"wp-block-uagb-image-gallery uagb-block-a47e06a5\"\n\t\t\t\t\t\tstyle=\"\"\n\t\t\t\t\t>\n\t\t\t\t\t\t\t\t\t\t\t<div class=\"spectra-image-gallery spectra-image-gallery__layout--masonry spectra-image-gallery__layout--masonry-col-2 spectra-image-gallery__layout--masonry-col-tab-2 spectra-image-gallery__layout--masonry-col-mob-1\">\n\t\t\t\t\t\t\t\t\t\t\t<div class='spectra-image-gallery__media-wrapper--isotope'>\n\t\t\t\t\t\t\t<div class='spectra-image-gallery__media-wrapper' data-spectra-gallery-image-id='2850' tabindex=\"0\">\n\t\t\t\t\t\t\t<div class=\"spectra-image-gallery__media spectra-image-gallery__media--masonry\">\n\t\t\t\t<picture>\n\t\t\t\t\t<source media=\"(min-width: 1024px)\" srcset=\"https:\/\/sevilma.com\/wp-content\/uploads\/MKO_3946-scaled.jpg\">\n\t\t\t\t\t<source media=\"(min-width: 768px)\" srcset=\"https:\/\/sevilma.com\/wp-content\/uploads\/MKO_3946-1024x683.jpg\">\n\t\t\t\t\t<img decoding=\"async\" class=\"spectra-image-gallery__media-thumbnail spectra-image-gallery__media-thumbnail--masonry\" src=\"https:\/\/sevilma.com\/wp-content\/uploads\/MKO_3946-1024x683.jpg\" alt=\"\" loading=\"lazy\" title=\"\">\n\t\t\t\t<\/picture>\n\t\t\t\t<div class=\"spectra-image-gallery__media-thumbnail-blurrer\"><\/div>\n\t\t\t\t\t\t\t\t\t\t\t<div class=\"spectra-image-gallery__media-thumbnail-caption-wrapper spectra-image-gallery__media-thumbnail-caption-wrapper--overlay\"><\/div>\n\t\t\t\t\t\t\t\t<\/div>\n\t\t\t\t\t\t<\/div>\n\t\t\t\t\t\t<\/div>\n\t\t\t\t\t\t<div class='spectra-image-gallery__media-wrapper--isotope'>\n\t\t\t\t\t\t\t<div class='spectra-image-gallery__media-wrapper' data-spectra-gallery-image-id='2120' tabindex=\"0\">\n\t\t\t\t\t\t\t<div class=\"spectra-image-gallery__media spectra-image-gallery__media--masonry\">\n\t\t\t\t<picture>\n\t\t\t\t\t<source media=\"(min-width: 1024px)\" srcset=\"https:\/\/sevilma.com\/wp-content\/uploads\/s_yz4.jpg\">\n\t\t\t\t\t<source media=\"(min-width: 768px)\" srcset=\"https:\/\/sevilma.com\/wp-content\/uploads\/s_yz4-1024x684.jpg\">\n\t\t\t\t\t<img decoding=\"async\" class=\"spectra-image-gallery__media-thumbnail spectra-image-gallery__media-thumbnail--masonry\" src=\"https:\/\/sevilma.com\/wp-content\/uploads\/s_yz4-1024x684.jpg\" alt=\"Sevilma Zeytinya\u011f\u0131\" loading=\"lazy\" title=\"\">\n\t\t\t\t<\/picture>\n\t\t\t\t<div class=\"spectra-image-gallery__media-thumbnail-blurrer\"><\/div>\n\t\t\t\t\t\t\t\t\t\t\t<div class=\"spectra-image-gallery__media-thumbnail-caption-wrapper spectra-image-gallery__media-thumbnail-caption-wrapper--overlay\"><\/div>\n\t\t\t\t\t\t\t\t<\/div>\n\t\t\t\t\t\t<\/div>\n\t\t\t\t\t\t<\/div>\n\t\t\t\t\t\t\t\t\t\t<\/div>\n\t\t\t\t\t\t\t\t\t\t\t\t\t\t\t\t\t\t<\/div>\n\t\t\t\t\t\t\t\t\t\t\t<div class='spectra-image-gallery__control-lightbox' tabindex='0'>\n\t\t\t\t\t\t\t\t\t\t\t<div class=\"swiper spectra-image-gallery__control-lightbox--main\" dir=\"\">\n\t\t\t\t\t<div class=\"swiper-wrapper\">\n\t\t\t\t\t\t\t\t\t\t\t\t\t\n\t\t\t\t\t\t\t<div class=\"swiper-slide\">\n\t\t\t\t\t\t\t\t<img class=\"swiper-lazy\" data-src=\"https:\/\/sevilma.com\/wp-content\/uploads\/MKO_3946-scaled.jpg\" alt=\"\"\/>\n\t\t\t\t\t\t\t\t<div class=\"swiper-lazy-preloader swiper-lazy-preloader-white\"><\/div>\n\t\t\t\t\t\t\t\t\t\t\t\t\t\t\t<\/div>\n\t\t\t\t\t\t\t\t\t\t\t\t\t\n\t\t\t\t\t\t\t<div class=\"swiper-slide\">\n\t\t\t\t\t\t\t\t<img class=\"swiper-lazy\" data-src=\"https:\/\/sevilma.com\/wp-content\/uploads\/s_yz4.jpg\" alt=\"Sevilma Zeytinya\u011f\u0131\"\/>\n\t\t\t\t\t\t\t\t<div class=\"swiper-lazy-preloader swiper-lazy-preloader-white\"><\/div>\n\t\t\t\t\t\t\t\t\t\t\t\t\t\t\t<\/div>\n\t\t\t\t\t\t\t\t\t\t\t<\/div>\n\t\t\t\t\t<div class=\"swiper-button-next\"><\/div>\n\t\t\t\t\t<div class=\"swiper-button-prev\"><\/div>\n\t\t\t\t<\/div>\t\t\t\n\t\t\t\t\t\t\t\t\t\t\t\t\t\t\t\t\t\t\t\t\t\t\t\t\t\t\t\t\t\t\t\t<button class='spectra-image-gallery__control-lightbox--close' aria-label=\"Close\">\n\t\t\t\t\t\t\t\t\t\t\t\t\t<svg xmlns=\"https:\/\/www.w3.org\/2000\/svg\" viewbox= \"0 0 320 512\"><path d=\"M310.6 361.4c12.5 12.5 12.5 32.75 0 45.25C304.4 412.9 296.2 416 288 416s-16.38-3.125-22.62-9.375L160 301.3L54.63 406.6C48.38 412.9 40.19 416 32 416S15.63 412.9 9.375 406.6c-12.5-12.5-12.5-32.75 0-45.25l105.4-105.4L9.375 150.6c-12.5-12.5-12.5-32.75 0-45.25s32.75-12.5 45.25 0L160 210.8l105.4-105.4c12.5-12.5 32.75-12.5 45.25 0s12.5 32.75 0 45.25l-105.4 105.4L310.6 361.4z\"><\/path><\/svg>\n\t\t\t\t\t\t\t\t\t\t\t\t<\/button>\n\t\t\t\t\t\t\t\t\t\t\t\t\t<\/div>\n\t\t\t\t\t\t\t\t\t<\/div>\n<\/div>\n\n\n\n<div class=\"wp-block-uagb-container uagb-block-cc74932b alignfull uagb-is-root-container\"><div class=\"uagb-container-inner-blocks-wrap\">\n<div class=\"wp-block-uagb-container uagb-block-d6ba9e86\">\n<h3 class=\"wp-block-heading\"><strong><strong>Sevilma\u2019n\u0131n De\u011ferleri<\/strong><\/strong><\/h3>\n\n\n\n<h4 class=\"wp-block-heading\">Sevilma \u00e7e\u015fitlili\u011fe ve e\u015fitli\u011fe ayn\u0131 anda sahip \u00e7\u0131kar ve \u00e7okluk i\u00e7inde birli\u011fin ya\u015famak i\u00e7in zorunlu oldu\u011funa inan\u0131r.<\/h4>\n\n\n\n<p>Her varl\u0131k kendi bireysel, toplumsal ve k\u00fclt\u00fcrel var olu\u015fuyla s\u0131n\u0131rs\u0131zd\u0131r; sonsuz \u00e7e\u015fitlenme gayesine, g\u00fcc\u00fcne ve hakk\u0131na sahiptir. \u00d6te yandan, her varl\u0131k, ya\u015fam\u0131n ve nimetlerinin payla\u015f\u0131m\u0131nda e\u015fittir. Hi\u00e7bir ki\u015fi veya z\u00fcmre di\u011ferinden \u00fcst\u00fcn de\u011fildir.<br><br>Bu nedenle Sevilma\u2019n\u0131n ana fikri, bir uyum k\u00fclt\u00fcr\u00fcn\u00fcn ta\u015f\u0131y\u0131c\u0131s\u0131 olmakt\u0131r. Bu k\u00fclt\u00fcr\u00fc belki de \u201cd\u00f6ng\u00fcsel k\u00fclt\u00fcr\u201d olarak adland\u0131rabiliriz. B\u00f6yle bir k\u00fclt\u00fcr, birbiriyle ili\u015fkili d\u00f6rt uyum bi\u00e7iminin \u00fczerinde y\u00fckselir\u2026&nbsp;<br><br>Birbirimizle uyum<br>Do\u011fam\u0131zla uyum<br>Ge\u00e7mi\u015fle uyum<br>De\u011fi\u015fimle uyum<br><br>Sevilma, k\u00f6kleri kadim Anadolu uygarl\u0131\u011fa dayanan ve en b\u00fcy\u00fck eseri bereket olan bu k\u00fclt\u00fcr\u00fcn bir halkas\u0131d\u0131r.<br><br>Sevilma Ekibi, bu de\u011ferleri g\u0131dadan ba\u015flamak \u00fczere ya\u015fam\u0131n ya\u015fayan birer par\u00e7as\u0131 haline getirmek i\u00e7in \u00e7al\u0131\u015f\u0131r. Nihayetinde, Sevilma yaln\u0131zca g\u0131da \u00fcreticisi de\u011fil, ayn\u0131 zamanda bir ya\u015fam okuludur.&nbsp;<\/p>\n<\/div>\n<\/div><\/div>","protected":false},"excerpt":{"rendered":"<p>Hik\u00e2yemiz Hik\u00e2yemiz Bizler, \u00c7anakkale Gelibolu\u2019da 250 y\u0131ld\u0131r bu\u011fday \u00fcreten At\u0131f Eken \u00c7iftli\u011fi\u2019nin \u00fcyeleriyiz. 2011\u2019de Seferihisar\u2019a yerle\u015ftik. Zaman i\u00e7inde Ege\u2019nin zeytin k\u00fclt\u00fcr\u00fcn\u00fc ke\u015ffettik ve Seferihisar Orhanl\u0131 k\u00f6y\u00fcndeki de\u011ferli kom\u015fular\u0131m\u0131zdan \u00f6\u011frenmeye ba\u015flad\u0131k. Zeytin zamanla bizim i\u00e7in bir a\u015fka d\u00f6n\u00fc\u015ft\u00fc. On y\u0131l kadar \u00f6nce bu\u011fdaya dayal\u0131 \u00e7ift\u00e7ilik gelene\u011fimizi Ege\u2019de zeytinya\u011f\u0131 \u00fcreterek geni\u015fletmek istedik. Yeni \u00e7iftli\u011fimize annemiz Sevil Eken\u2019in [&hellip;]<\/p>\n","protected":false},"author":1,"featured_media":0,"parent":0,"menu_order":0,"comment_status":"closed","ping_status":"closed","template":"","meta":{"_uag_custom_page_level_css":"","site-sidebar-layout":"no-sidebar","site-content-layout":"plain-container","ast-site-content-layout":"normal-width-container","site-content-style":"unboxed","site-sidebar-style":"unboxed","ast-global-header-display":"","ast-banner-title-visibility":"","ast-main-header-display":"","ast-hfb-above-header-display":"","ast-hfb-below-header-display":"","ast-hfb-mobile-header-display":"","site-post-title":"disabled","ast-breadcrumbs-content":"","ast-featured-img":"disabled","footer-sml-layout":"","ast-disable-related-posts":"","theme-transparent-header-meta":"enabled","adv-header-id-meta":"","stick-header-meta":"","header-above-stick-meta":"","header-main-stick-meta":"","header-below-stick-meta":"","astra-migrate-meta-layouts":"set","ast-page-background-enabled":"default","ast-page-background-meta":{"desktop":{"background-color":"var(--ast-global-color-4)","background-image":"","background-repeat":"repeat","background-position":"center center","background-size":"auto","background-attachment":"scroll","background-type":"","background-media":"","overlay-type":"","overlay-color":"","overlay-opacity":"","overlay-gradient":""},"tablet":{"background-color":"","background-image":"","background-repeat":"repeat","background-position":"center center","background-size":"auto","background-attachment":"scroll","background-type":"","background-media":"","overlay-type":"","overlay-color":"","overlay-opacity":"","overlay-gradient":""},"mobile":{"background-color":"","background-image":"","background-repeat":"repeat","background-position":"center center","background-size":"auto","background-attachment":"scroll","background-type":"","background-media":"","overlay-type":"","overlay-color":"","overlay-opacity":"","overlay-gradient":""}},"ast-content-background-meta":{"desktop":{"background-color":"var(--ast-global-color-5)","background-image":"","background-repeat":"repeat","background-position":"center center","background-size":"auto","background-attachment":"scroll","background-type":"","background-media":"","overlay-type":"","overlay-color":"","overlay-opacity":"","overlay-gradient":""},"tablet":{"background-color":"var(--ast-global-color-5)","background-image":"","background-repeat":"repeat","background-position":"center center","background-size":"auto","background-attachment":"scroll","background-type":"","background-media":"","overlay-type":"","overlay-color":"","overlay-opacity":"","overlay-gradient":""},"mobile":{"background-color":"var(--ast-global-color-5)","background-image":"","background-repeat":"repeat","background-position":"center center","background-size":"auto","background-attachment":"scroll","background-type":"","background-media":"","overlay-type":"","overlay-color":"","overlay-opacity":"","overlay-gradient":""}},"footnotes":""},"class_list":["post-3219","page","type-page","status-publish","hentry"],"uagb_featured_image_src":{"full":false,"thumbnail":false,"medium":false,"medium_large":false,"large":false,"1536x1536":false,"2048x2048":false,"trp-custom-language-flag":false,"woocommerce_thumbnail":false,"woocommerce_single":false,"woocommerce_gallery_thumbnail":false},"uagb_author_info":{"display_name":"erdem","author_link":"https:\/\/sevilma.com\/en\/author\/erdem\/"},"uagb_comment_info":0,"uagb_excerpt":"Hik\u00e2yemiz Hik\u00e2yemiz Bizler, \u00c7anakkale Gelibolu\u2019da 250 y\u0131ld\u0131r bu\u011fday \u00fcreten At\u0131f Eken \u00c7iftli\u011fi\u2019nin \u00fcyeleriyiz. 2011\u2019de Seferihisar\u2019a yerle\u015ftik. Zaman i\u00e7inde Ege\u2019nin zeytin k\u00fclt\u00fcr\u00fcn\u00fc ke\u015ffettik ve Seferihisar Orhanl\u0131 k\u00f6y\u00fcndeki de\u011ferli kom\u015fular\u0131m\u0131zdan \u00f6\u011frenmeye ba\u015flad\u0131k. Zeytin zamanla bizim i\u00e7in bir a\u015fka d\u00f6n\u00fc\u015ft\u00fc. On y\u0131l kadar \u00f6nce bu\u011fdaya dayal\u0131 \u00e7ift\u00e7ilik gelene\u011fimizi Ege\u2019de zeytinya\u011f\u0131 \u00fcreterek geni\u015fletmek istedik. Yeni \u00e7iftli\u011fimize annemiz Sevil Eken\u2019in&hellip;","_links":{"self":[{"href":"https:\/\/sevilma.com\/en\/wp-json\/wp\/v2\/pages\/3219","targetHints":{"allow":["GET"]}}],"collection":[{"href":"https:\/\/sevilma.com\/en\/wp-json\/wp\/v2\/pages"}],"about":[{"href":"https:\/\/sevilma.com\/en\/wp-json\/wp\/v2\/types\/page"}],"author":[{"embeddable":true,"href":"https:\/\/sevilma.com\/en\/wp-json\/wp\/v2\/users\/1"}],"replies":[{"embeddable":true,"href":"https:\/\/sevilma.com\/en\/wp-json\/wp\/v2\/comments?post=3219"}],"version-history":[{"count":21,"href":"https:\/\/sevilma.com\/en\/wp-json\/wp\/v2\/pages\/3219\/revisions"}],"predecessor-version":[{"id":3352,"href":"https:\/\/sevilma.com\/en\/wp-json\/wp\/v2\/pages\/3219\/revisions\/3352"}],"wp:attachment":[{"href":"https:\/\/sevilma.com\/en\/wp-json\/wp\/v2\/media?parent=3219"}],"curies":[{"name":"wp","href":"https:\/\/api.w.org\/{rel}","templated":true}]}}