{"id":3223,"date":"2025-09-10T10:05:55","date_gmt":"2025-09-10T10:05:55","guid":{"rendered":"https:\/\/sevilma.com\/?page_id=3223"},"modified":"2025-09-10T10:05:55","modified_gmt":"2025-09-10T10:05:55","slug":"sevilma-zeytin-bahcesi","status":"publish","type":"page","link":"https:\/\/sevilma.com\/en\/sevilma-zeytin-bahcesi\/","title":{"rendered":"Sevilma Zeytin Bah\u00e7esi"},"content":{"rendered":"<div class=\"wp-block-uagb-container uagb-layout-flex uagb-block-0853bbbc alignfull uagb-is-root-container\"><div class=\"uagb-container-inner-blocks-wrap\">\n<div class=\"wp-block-uagb-container uagb-block-048907fa\">\n<div class=\"wp-block-uagb-advanced-heading uagb-block-fccb81b8\"><h1 class=\"uagb-heading-text\">Slow Food \u00c7iftli\u011fi<\/h1><\/div>\n<\/div>\n<\/div><\/div>\n\n\n\n<p><\/p>\n\n\n\n<h2 class=\"wp-block-heading\"><strong>Sevilma Zeytin Bah\u00e7esi<\/strong><\/h2>\n\n\n\n<p><\/p>\n\n\n\n<figure class=\"wp-block-gallery has-nested-images columns-3 is-cropped wp-block-gallery-1 is-layout-flex wp-block-gallery-is-layout-flex\" style=\"border-style:none;border-width:0px;border-radius:100px\">\n<figure class=\"wp-block-image size-full has-custom-border is-style-rounded\" style=\"margin-top:0;margin-right:0;margin-bottom:0;margin-left:0\"><img loading=\"lazy\" decoding=\"async\" width=\"2560\" height=\"1920\" data-id=\"3181\" src=\"https:\/\/sevilma.com\/wp-content\/uploads\/9-scaled.jpeg\" alt=\"\" class=\"wp-image-3181\" style=\"border-style:none;border-width:0px;border-radius:25px\" title=\"\" srcset=\"https:\/\/sevilma.com\/wp-content\/uploads\/9-scaled.jpeg 2560w, https:\/\/sevilma.com\/wp-content\/uploads\/9-scaled-900x675.jpeg 900w, https:\/\/sevilma.com\/wp-content\/uploads\/9-300x225.jpeg 300w, https:\/\/sevilma.com\/wp-content\/uploads\/9-1024x768.jpeg 1024w, https:\/\/sevilma.com\/wp-content\/uploads\/9-768x576.jpeg 768w, https:\/\/sevilma.com\/wp-content\/uploads\/9-1536x1152.jpeg 1536w, https:\/\/sevilma.com\/wp-content\/uploads\/9-2048x1536.jpeg 2048w, https:\/\/sevilma.com\/wp-content\/uploads\/9-16x12.jpeg 16w\" sizes=\"auto, (max-width: 2560px) 100vw, 2560px\" \/><\/figure>\n\n\n\n<figure class=\"wp-block-image size-full has-custom-border\" style=\"margin-top:0;margin-right:0;margin-bottom:0;margin-left:0\"><img loading=\"lazy\" decoding=\"async\" width=\"2560\" height=\"1707\" data-id=\"3183\" src=\"https:\/\/sevilma.com\/wp-content\/uploads\/1-scaled.jpg\" alt=\"\" class=\"wp-image-3183\" style=\"border-radius:25px\" title=\"\" srcset=\"https:\/\/sevilma.com\/wp-content\/uploads\/1-scaled.jpg 2560w, https:\/\/sevilma.com\/wp-content\/uploads\/1-scaled-900x600.jpg 900w, https:\/\/sevilma.com\/wp-content\/uploads\/1-300x200.jpg 300w, https:\/\/sevilma.com\/wp-content\/uploads\/1-1024x683.jpg 1024w, https:\/\/sevilma.com\/wp-content\/uploads\/1-768x512.jpg 768w, https:\/\/sevilma.com\/wp-content\/uploads\/1-1536x1024.jpg 1536w, https:\/\/sevilma.com\/wp-content\/uploads\/1-2048x1365.jpg 2048w, https:\/\/sevilma.com\/wp-content\/uploads\/1-18x12.jpg 18w\" sizes=\"auto, (max-width: 2560px) 100vw, 2560px\" \/><\/figure>\n\n\n\n<figure class=\"wp-block-image size-full has-custom-border\" style=\"margin-top:0;margin-right:0;margin-bottom:0;margin-left:0\"><img loading=\"lazy\" decoding=\"async\" width=\"2560\" height=\"1707\" data-id=\"3182\" src=\"https:\/\/sevilma.com\/wp-content\/uploads\/10-scaled.jpg\" alt=\"\" class=\"wp-image-3182\" style=\"border-style:none;border-width:0px;border-radius:25px\" title=\"\" srcset=\"https:\/\/sevilma.com\/wp-content\/uploads\/10-scaled.jpg 2560w, https:\/\/sevilma.com\/wp-content\/uploads\/10-scaled-900x600.jpg 900w, https:\/\/sevilma.com\/wp-content\/uploads\/10-300x200.jpg 300w, https:\/\/sevilma.com\/wp-content\/uploads\/10-1024x683.jpg 1024w, https:\/\/sevilma.com\/wp-content\/uploads\/10-768x512.jpg 768w, https:\/\/sevilma.com\/wp-content\/uploads\/10-1536x1024.jpg 1536w, https:\/\/sevilma.com\/wp-content\/uploads\/10-2048x1365.jpg 2048w, https:\/\/sevilma.com\/wp-content\/uploads\/10-18x12.jpg 18w\" sizes=\"auto, (max-width: 2560px) 100vw, 2560px\" \/><\/figure>\n<\/figure>\n\n\n\n<div id=\"ilham\" class=\"wp-block-uagb-container uagb-block-cb8a27eb alignfull uagb-is-root-container\"><div class=\"uagb-container-inner-blocks-wrap\">\n<div class=\"wp-block-uagb-container uagb-block-6fd6ef76\">\n<p>Topra\u011f\u0131n s\u00fcr\u00fclmedi\u011fi, sulaman\u0131n hi\u00e7 yap\u0131lmad\u0131\u011f\u0131 ve hatta a\u011fa\u00e7lar\u0131n dikilmedi\u011fi bir zeytinlik hayal edin. \u0130mk\u00e2ns\u0131z gibi gelebilir\u2014ama bu y\u00f6ntem, Ege B\u00f6lgesi\u2019nin kadim zeytin meralar\u0131nda d\u00f6rt bin y\u0131l\u0131 a\u015fk\u0131n s\u00fcredir varl\u0131\u011f\u0131n\u0131 s\u00fcrd\u00fcr\u00fcyor. Dikim yerine yabani zeytinlerin a\u015f\u0131lanmas\u0131yla olu\u015fan bu kadim \u00fcretim havzalar\u0131, insanl\u0131k tarihindeki en eski ve en diren\u00e7li g\u0131da \u00fcretim bi\u00e7imlerinden birini temsil ediyor.<\/p>\n\n\n\n<p>T\u00fcm zamanlar\u0131 a\u015fan bu ya\u015fam bi\u00e7iminin \u00f6rneklerinden iyi korunmu\u015f biri de, \u0130zmir\u2019in Orhanl\u0131 Vadisi\u2019nde yer alan Sevilma Zeytin Bah\u00e7esi. Buras\u0131, Sevilma d\u00fc\u015f\u00fcncesinin ilham kayna\u011f\u0131 de\u011ferli annemiz Sevil Eken\u2019in on y\u0131l\u0131 a\u015fk\u0131n bir s\u00fcre ya\u015fam\u0131\u015f oldu\u011fu yer. Bah\u00e7emiz 2024 y\u0131l\u0131nda T\u00fcrkiye\u2019nin resmen tan\u0131nan ilk Slow Food \u00c7iftli\u011fi olmaya hak kazand\u0131 ve h\u0131zla b\u00fcy\u00fcyen Slow Food agroekoloji hareketinin \u00f6nemli par\u00e7alar\u0131ndan biri haline geldi.&nbsp;<br><br>Sevilma Zeytin Bah\u00e7esi, \u0130zmir\u2019in e\u015fsiz kadim \u00fcretim havzalar\u0131n\u0131n k\u00fc\u00e7\u00fck ama ya\u015fayan bir par\u00e7as\u0131. Buras\u0131, de\u011ferli kom\u015fular\u0131m\u0131z Orhanl\u0131 Vadisi halk\u0131n\u0131n zeytin a\u011fa\u00e7lar\u0131 ve t\u00fcm di\u011fer canl\u0131larla uyum i\u00e7inde ya\u015fad\u0131\u011f\u0131 bir ekosistem. Bu kadim \u00fcretim modeli, d\u00f6ng\u00fcsel k\u00fclt\u00fcr\u00fcn d\u00f6rt ana ilkesi \u00fczerinde y\u00fckseliyor: Birbirimizle uyum, do\u011fam\u0131zla uyum, ge\u00e7mi\u015fle uyum ve de\u011fi\u015fimle uyum.<br><br>Sevilma Zeytin Bah\u00e7esi bir \u00e7iftlik oldu\u011fu kadar, ayn\u0131 zamanda k\u00fclt\u00fcr vahas\u0131\u2026<br><br>Sevilma\u2019n\u0131n kalbinde yer alan ta\u015f bina Ercan Baba Zeytinya\u011f\u0131 Fabrikas\u0131, Ege\u2019nin yerel mimarisini yans\u0131t\u0131yor. Ancak buras\u0131 sadece bir \u00fcretim yeri de\u011fil; misafirlerin bulu\u015ftu\u011fu, \u00e7ocuklar\u0131n oynad\u0131\u011f\u0131, ziyaret\u00e7ilerin do\u011fay\u0131 i\u00e7ine \u00e7ekti\u011fi ya\u015fayan bir payla\u015f\u0131m alan\u0131. Buras\u0131 ayn\u0131 zamanda bir zeytinya\u011f\u0131 k\u00fct\u00fcphanesine d\u00f6n\u00fc\u015fmeye ba\u015flad\u0131. Ziyaret\u00e7ilerimiz burada Ege\u2019deki farkl\u0131 zeytin t\u00fcrlerinden elde edilen ya\u011flar\u0131 tadarak T\u00fcrkiye\u2019nin tek Slow Food Presidium zeytinya\u011f\u0131 hakk\u0131nda alabiliyor.<br><br>Sevilma Zeytin Bah\u00e7esi\u2019nin Eski Orhanl\u0131 s\u0131n\u0131rlar\u0131 i\u00e7inde yer alan iki zeytinli\u011fi ise s\u0131radan bir tar\u0131m alan\u0131 de\u011fil. K\u00f6kleri yaban, dallar\u0131 evcil s\u0131ra d\u0131\u015f\u0131 zeytin a\u011fa\u00e7lar\u0131n\u0131n ya\u015fad\u0131\u011f\u0131 bir k\u00fclt\u00fcr ve do\u011fa miras\u0131. Burada hi\u00e7bir \u015fekilde kimyasal zehir kullanm\u0131yor, topra\u011f\u0131 s\u00fcrm\u00fcyoruz. Koyunlar, ke\u00e7iler ve yaban hayvanlar\u0131 zeytinliklerin aras\u0131nda rahat\u00e7a dola\u015fabiliyor.<br><br>Sevilma Zeytin Bah\u00e7esi\u2019nin k\u00fc\u00e7\u00fck bir par\u00e7as\u0131 oldu\u011fu bu e\u015fsiz kadim \u00fcretim havzas\u0131, Orhanl\u0131 Vadisi\u2019nin bat\u0131 kesimlerinde \u00e7ok geni\u015f alanlar kapl\u0131yor. Bu nadir ve tehlike alt\u0131ndaki zeytin \u00fcretim sistemi, 2023 y\u0131l\u0131nda UNESCO taraf\u0131ndan Somut Olmayan K\u00fclt\u00fcrel Miras olarak koruma alt\u0131na al\u0131nd\u0131.<br><br>\u0130\u015fte bu e\u015fsiz Ege ekosistemi i\u00e7inde, T\u00fcrkiye\u2019nin tek Slow Food Presidium zeytinya\u011f\u0131 \u00fcretiliyor. Slow Food Presidium, yok olma tehlikesi alt\u0131ndaki g\u0131da \u00fcr\u00fcnlerini koruyor ve \u00fcreticiler aras\u0131nda i\u015fbirli\u011fini te\u015fvik ediyor. Sevilma\u2019n\u0131n \u00fcretim tesisi olan Ercan Baba Zeytinya\u011f\u0131 Fabrikas\u0131, Ege\u2019nin presidium zeytinya\u011flar\u0131n\u0131 \u00fcretmeyi ve ya\u015fatmay\u0131 kendine hedef edinmi\u015f T\u00fcrkiye\u2019deki tek tesis.<br><br>Son 50 y\u0131lda, zeytincili\u011fe dayal\u0131 kadim \u00fcretim havzalar\u0131n\u0131n b\u00fcy\u00fck b\u00f6l\u00fcm\u00fc terk edilme nedeniyle kayboldu. Bu alanlar \u015fimdi de plans\u0131z yap\u0131la\u015fma ve madencili\u011fin tehdidi alt\u0131nda. Sevilma Zeytin Bah\u00e7esi, bu gidi\u015fi tersine \u00e7evirmek amac\u0131yla geleneksel sistemleri canland\u0131rmaya \u00e7al\u0131\u015f\u0131yor ve ayn\u0131 zamanda modern agroekolojik ilkeleri benimsiyor.<br><br>Bu kadim \u00fcretim havzas\u0131 bir k\u00fclt\u00fcr ve do\u011fa miras\u0131 oldu\u011fu kadar ayn\u0131 zamanda gelece\u011fin d\u00fcnyas\u0131n\u0131n sorunlar\u0131 kar\u015f\u0131s\u0131nda \u00e7\u00f6z\u00fcm \u00f6nerileri sunuyor. \u0130klim de\u011fi\u015fikli\u011fi bask\u0131s\u0131 alt\u0131nda k\u0131t su kaynaklar\u0131 nas\u0131l en verimli \u015fekilde kullan\u0131labilir? Toprak verimlili\u011fi do\u011fayla uyumlu \u015fekilde nas\u0131l art\u0131r\u0131labilir? Adil \u00fcretimi s\u00fcrd\u00fcrmek i\u00e7in gerekli toplumsal ve ekonomik modeller nedir?<br><br>Sevilma Zeytin Bah\u00e7esi\u2019nin temsil etti\u011fi Ege\u2019deki kadim agroekolojik \u00fcretim alanlar\u0131, kar\u015f\u0131 kar\u015f\u0131ya kald\u0131\u011f\u0131m\u0131z bu karma\u015f\u0131k sorulara binlerce y\u0131ld\u0131r do\u011frulu\u011funu korumu\u015f, yal\u0131n ve uygulanabilir cevaplar sunuyor.<br><br>Sevilma Zeytin Bah\u00e7esi a\u015fa\u011f\u0131daki b\u00f6l\u00fcmlerden olu\u015fuyor:<br><br>Ercan Baba Zeytinya\u011f\u0131 Fabrikas\u0131\u2019n\u0131n i\u00e7inde misafirler i\u00e7in sofra, bulu\u015fma ve e\u011flenme alan\u0131 olarak i\u015flev g\u00f6rebilecek geni\u015f bir salon ve ba\u011flant\u0131l\u0131 oldu\u011fu bir d\u0131\u015f bah\u00e7e vard\u0131r.<br><br>17 d\u00f6n\u00fcm ve 12.5 d\u00f6n\u00fcm b\u00fcy\u00fckl\u00fcklerinde Ege Zeytinleri Kadim \u00dcretim Havzas\u0131 niteli\u011finde iki zeytinlik<br><br>10 d\u00f6n\u00fcm b\u00fcy\u00fckl\u00fc\u011f\u00fcnde 15 y\u0131ld\u0131r yabanla\u015fmaya b\u0131rak\u0131lm\u0131\u015f kar\u0131\u015f\u0131k meyve a\u011fa\u00e7lar\u0131 olan bah\u00e7e &#8211; bu bah\u00e7enin giri\u015f k\u0131sm\u0131 i\u00e7in yerel Ege bitkilerinden olu\u015fan bir yaban bah\u00e7e tasar\u0131m\u0131 yap\u0131lm\u0131\u015ft\u0131r, bu tasar\u0131m 2025 y\u0131l\u0131 sonbahar\u0131 ile 2026 ilkbahar\u0131 aras\u0131nda uygulanacakt\u0131r.<br><br>10 d\u00f6n\u00fcml\u00fck bah\u00e7enin i\u00e7inde geleneksel Ege mimarisinden ilham alarak yap\u0131lm\u0131\u015f bir zeytinya\u011f\u0131 \u00fcretim tesisi &#8211; Ercan Baba Zeytinya\u011f\u0131 Fabrikas\u0131 &#8211; bulunmaktad\u0131r.<br><br>Ercan Baba Zeytinya\u011f\u0131 Fabrikas\u0131\u2019n\u0131n i\u00e7inde farkl\u0131 zeytinya\u011flar\u0131n\u0131n tad\u0131m\u0131n\u0131n yap\u0131labildi\u011fi bir zeytinya\u011f\u0131 k\u00fct\u00fcphanesi yap\u0131lmaktad\u0131r.<br><br>10 d\u00f6n\u00fcml\u00fck bah\u00e7e&nbsp; i\u00e7inde \u00e7ocuklar i\u00e7in oyun, \u00f6\u011frenme ve y\u00fcr\u00fcy\u00fc\u015f alanlar\u0131 haz\u0131rlanmaktad\u0131r.<\/p>\n<\/div>\n<\/div><\/div>\n\n\n\n<div id=\"yz\" class=\"wp-block-uagb-container uagb-block-c262a463 alignfull uagb-is-root-container\"><div class=\"uagb-container-inner-blocks-wrap\">\n<figure class=\"wp-block-gallery has-nested-images columns-default is-cropped wp-block-gallery-2 is-layout-flex wp-block-gallery-is-layout-flex\">\n<figure class=\"wp-block-image size-large\"><img loading=\"lazy\" decoding=\"async\" width=\"1024\" height=\"684\" data-id=\"3188\" src=\"https:\/\/sevilma.com\/wp-content\/uploads\/7-1024x684.jpg\" alt=\"\" class=\"wp-image-3188\" title=\"\" srcset=\"https:\/\/sevilma.com\/wp-content\/uploads\/7-1024x684.jpg 1024w, https:\/\/sevilma.com\/wp-content\/uploads\/7-900x601.jpg 900w, https:\/\/sevilma.com\/wp-content\/uploads\/7-300x200.jpg 300w, https:\/\/sevilma.com\/wp-content\/uploads\/7-768x513.jpg 768w, https:\/\/sevilma.com\/wp-content\/uploads\/7-1536x1026.jpg 1536w, https:\/\/sevilma.com\/wp-content\/uploads\/7-2048x1368.jpg 2048w, https:\/\/sevilma.com\/wp-content\/uploads\/7-18x12.jpg 18w\" sizes=\"auto, (max-width: 1024px) 100vw, 1024px\" \/><\/figure>\n\n\n\n<figure class=\"wp-block-image size-large\"><img loading=\"lazy\" decoding=\"async\" width=\"1024\" height=\"684\" data-id=\"3271\" src=\"https:\/\/sevilma.com\/wp-content\/uploads\/MKO_0479-1-1024x684.jpg\" alt=\"\" class=\"wp-image-3271\" title=\"\" srcset=\"https:\/\/sevilma.com\/wp-content\/uploads\/MKO_0479-1-1024x684.jpg 1024w, https:\/\/sevilma.com\/wp-content\/uploads\/MKO_0479-1-scaled-900x601.jpg 900w, https:\/\/sevilma.com\/wp-content\/uploads\/MKO_0479-1-300x200.jpg 300w, https:\/\/sevilma.com\/wp-content\/uploads\/MKO_0479-1-768x513.jpg 768w, https:\/\/sevilma.com\/wp-content\/uploads\/MKO_0479-1-1536x1025.jpg 1536w, https:\/\/sevilma.com\/wp-content\/uploads\/MKO_0479-1-2048x1367.jpg 2048w, https:\/\/sevilma.com\/wp-content\/uploads\/MKO_0479-1-18x12.jpg 18w\" sizes=\"auto, (max-width: 1024px) 100vw, 1024px\" \/><\/figure>\n\n\n\n<figure class=\"wp-block-image size-large\" style=\"margin-top:0;margin-right:0;margin-bottom:0;margin-left:0\"><img loading=\"lazy\" decoding=\"async\" width=\"768\" height=\"1024\" data-id=\"3189\" src=\"https:\/\/sevilma.com\/wp-content\/uploads\/8-768x1024.jpeg\" alt=\"\" class=\"wp-image-3189\" title=\"\" srcset=\"https:\/\/sevilma.com\/wp-content\/uploads\/8-768x1024.jpeg 768w, https:\/\/sevilma.com\/wp-content\/uploads\/8-scaled-900x1200.jpeg 900w, https:\/\/sevilma.com\/wp-content\/uploads\/8-225x300.jpeg 225w, https:\/\/sevilma.com\/wp-content\/uploads\/8-1152x1536.jpeg 1152w, https:\/\/sevilma.com\/wp-content\/uploads\/8-1536x2048.jpeg 1536w, https:\/\/sevilma.com\/wp-content\/uploads\/8-9x12.jpeg 9w, https:\/\/sevilma.com\/wp-content\/uploads\/8-scaled.jpeg 1920w\" sizes=\"auto, (max-width: 768px) 100vw, 768px\" \/><\/figure>\n<\/figure>\n<\/div><\/div>","protected":false},"excerpt":{"rendered":"<p>Slow Food \u00c7iftli\u011fi Sevilma Zeytin Bah\u00e7esi Topra\u011f\u0131n s\u00fcr\u00fclmedi\u011fi, sulaman\u0131n hi\u00e7 yap\u0131lmad\u0131\u011f\u0131 ve hatta a\u011fa\u00e7lar\u0131n dikilmedi\u011fi bir zeytinlik hayal edin. \u0130mk\u00e2ns\u0131z gibi gelebilir\u2014ama bu y\u00f6ntem, Ege B\u00f6lgesi\u2019nin kadim zeytin meralar\u0131nda d\u00f6rt bin y\u0131l\u0131 a\u015fk\u0131n s\u00fcredir varl\u0131\u011f\u0131n\u0131 s\u00fcrd\u00fcr\u00fcyor. Dikim yerine yabani zeytinlerin a\u015f\u0131lanmas\u0131yla olu\u015fan bu kadim \u00fcretim havzalar\u0131, insanl\u0131k tarihindeki en eski ve en diren\u00e7li g\u0131da \u00fcretim [&hellip;]<\/p>\n","protected":false},"author":1,"featured_media":0,"parent":0,"menu_order":0,"comment_status":"closed","ping_status":"closed","template":"","meta":{"_uag_custom_page_level_css":"","site-sidebar-layout":"no-sidebar","site-content-layout":"plain-container","ast-site-content-layout":"normal-width-container","site-content-style":"unboxed","site-sidebar-style":"unboxed","ast-global-header-display":"","ast-banner-title-visibility":"","ast-main-header-display":"","ast-hfb-above-header-display":"","ast-hfb-below-header-display":"","ast-hfb-mobile-header-display":"","site-post-title":"disabled","ast-breadcrumbs-content":"","ast-featured-img":"disabled","footer-sml-layout":"","ast-disable-related-posts":"","theme-transparent-header-meta":"enabled","adv-header-id-meta":"","stick-header-meta":"","header-above-stick-meta":"","header-main-stick-meta":"","header-below-stick-meta":"","astra-migrate-meta-layouts":"set","ast-page-background-enabled":"default","ast-page-background-meta":{"desktop":{"background-color":"var(--ast-global-color-4)","background-image":"","background-repeat":"repeat","background-position":"center center","background-size":"auto","background-attachment":"scroll","background-type":"","background-media":"","overlay-type":"","overlay-color":"","overlay-opacity":"","overlay-gradient":""},"tablet":{"background-color":"","background-image":"","background-repeat":"repeat","background-position":"center center","background-size":"auto","background-attachment":"scroll","background-type":"","background-media":"","overlay-type":"","overlay-color":"","overlay-opacity":"","overlay-gradient":""},"mobile":{"background-color":"","background-image":"","background-repeat":"repeat","background-position":"center center","background-size":"auto","background-attachment":"scroll","background-type":"","background-media":"","overlay-type":"","overlay-color":"","overlay-opacity":"","overlay-gradient":""}},"ast-content-background-meta":{"desktop":{"background-color":"var(--ast-global-color-5)","background-image":"","background-repeat":"repeat","background-position":"center center","background-size":"auto","background-attachment":"scroll","background-type":"","background-media":"","overlay-type":"","overlay-color":"","overlay-opacity":"","overlay-gradient":""},"tablet":{"background-color":"var(--ast-global-color-5)","background-image":"","background-repeat":"repeat","background-position":"center center","background-size":"auto","background-attachment":"scroll","background-type":"","background-media":"","overlay-type":"","overlay-color":"","overlay-opacity":"","overlay-gradient":""},"mobile":{"background-color":"var(--ast-global-color-5)","background-image":"","background-repeat":"repeat","background-position":"center center","background-size":"auto","background-attachment":"scroll","background-type":"","background-media":"","overlay-type":"","overlay-color":"","overlay-opacity":"","overlay-gradient":""}},"footnotes":""},"class_list":["post-3223","page","type-page","status-publish","hentry"],"uagb_featured_image_src":{"full":false,"thumbnail":false,"medium":false,"medium_large":false,"large":false,"1536x1536":false,"2048x2048":false,"trp-custom-language-flag":false,"woocommerce_thumbnail":false,"woocommerce_single":false,"woocommerce_gallery_thumbnail":false},"uagb_author_info":{"display_name":"erdem","author_link":"https:\/\/sevilma.com\/en\/author\/erdem\/"},"uagb_comment_info":0,"uagb_excerpt":"Slow Food \u00c7iftli\u011fi Sevilma Zeytin Bah\u00e7esi Topra\u011f\u0131n s\u00fcr\u00fclmedi\u011fi, sulaman\u0131n hi\u00e7 yap\u0131lmad\u0131\u011f\u0131 ve hatta a\u011fa\u00e7lar\u0131n dikilmedi\u011fi bir zeytinlik hayal edin. \u0130mk\u00e2ns\u0131z gibi gelebilir\u2014ama bu y\u00f6ntem, Ege B\u00f6lgesi\u2019nin kadim zeytin meralar\u0131nda d\u00f6rt bin y\u0131l\u0131 a\u015fk\u0131n s\u00fcredir varl\u0131\u011f\u0131n\u0131 s\u00fcrd\u00fcr\u00fcyor. Dikim yerine yabani zeytinlerin a\u015f\u0131lanmas\u0131yla olu\u015fan bu kadim \u00fcretim havzalar\u0131, insanl\u0131k tarihindeki en eski ve en diren\u00e7li g\u0131da \u00fcretim&hellip;","_links":{"self":[{"href":"https:\/\/sevilma.com\/en\/wp-json\/wp\/v2\/pages\/3223","targetHints":{"allow":["GET"]}}],"collection":[{"href":"https:\/\/sevilma.com\/en\/wp-json\/wp\/v2\/pages"}],"about":[{"href":"https:\/\/sevilma.com\/en\/wp-json\/wp\/v2\/types\/page"}],"author":[{"embeddable":true,"href":"https:\/\/sevilma.com\/en\/wp-json\/wp\/v2\/users\/1"}],"replies":[{"embeddable":true,"href":"https:\/\/sevilma.com\/en\/wp-json\/wp\/v2\/comments?post=3223"}],"version-history":[{"count":19,"href":"https:\/\/sevilma.com\/en\/wp-json\/wp\/v2\/pages\/3223\/revisions"}],"predecessor-version":[{"id":3361,"href":"https:\/\/sevilma.com\/en\/wp-json\/wp\/v2\/pages\/3223\/revisions\/3361"}],"wp:attachment":[{"href":"https:\/\/sevilma.com\/en\/wp-json\/wp\/v2\/media?parent=3223"}],"curies":[{"name":"wp","href":"https:\/\/api.w.org\/{rel}","templated":true}]}}