{"id":241,"date":"2025-05-18T03:26:33","date_gmt":"2025-05-18T03:26:33","guid":{"rendered":"https:\/\/sevilma.com\/product\/monstera-deliciosa\/"},"modified":"2026-04-06T12:39:16","modified_gmt":"2026-04-06T12:39:16","slug":"aydin-memecik-zeytinyagi","status":"publish","type":"product","link":"https:\/\/sevilma.com\/en\/product\/aydin-memecik-zeytinyagi\/","title":{"rendered":"Ayd\u0131n Memecik Nat\u00fcrel S\u0131zma"},"content":{"rendered":"<p><strong>Ayd\u0131n Memecik Nat\u00fcrel S\u0131zma Zeytinya\u011f\u0131<\/strong><\/p>\n<p>Memecik Nat\u00fcrel S\u0131zma Zeytinya\u011f\u0131, yaln\u0131zca Ayd\u0131n \u00c7ine\u2019de yer alan Mente\u015fe Da\u011flar\u0131\u2019ndaki Memecik \u0131rk\u0131 zeytin a\u011fa\u00e7lar\u0131n\u0131n meyvelerinden \u00fcretilir. Bu zeytinlikler, yabani zeytinlere (delice) Memecik \u0131rk\u0131n\u0131n a\u015f\u0131lanmas\u0131yla olu\u015fturulmu\u015f, do\u011fayla uyumlu \u00fcretim alanlar\u0131d\u0131r.<\/p>\n<p>\u00dcretim s\u00fcrecinde kimyasal ila\u00e7 kullan\u0131lmaz, sulama yap\u0131lmaz ve toprak s\u00fcr\u00fclmez. Do\u011fal dengeyi koruyan bu agroekolojik yakla\u015f\u0131m, zeytinliklerin biyolojik \u00e7e\u015fitlili\u011fini destekler.<\/p>\n<p>UNESCO taraf\u0131ndan tescillenen bu agroekolojik \u00fcretim bi\u00e7iminin bir par\u00e7as\u0131 olan Memecik Nat\u00fcrel S\u0131zma Zeytinya\u011f\u0131, Ege\u2019nin binlerce y\u0131ll\u0131k zeytincilik bilgisini g\u00fcn\u00fcm\u00fcze ta\u015f\u0131r.<\/p>\n<p>0,5 asitlik de\u011feri ve y\u00fcksek polifenol profiliyle \u00f6ne \u00e7\u0131kan bu zeytinya\u011f\u0131, kendine \u00f6zg\u00fc aromatik karakteriyle yo\u011fun ve kal\u0131c\u0131 bir lezzet sunar.<\/p>\n<p><img loading=\"lazy\" decoding=\"async\" class=\"alignnone size-medium wp-image-3559\" src=\"https:\/\/sevilma.com\/wp-content\/uploads\/aydin-harita-300x169.png\" alt=\"\" width=\"300\" height=\"169\" title=\"\" srcset=\"https:\/\/sevilma.com\/wp-content\/uploads\/aydin-harita-300x169.png 300w, https:\/\/sevilma.com\/wp-content\/uploads\/aydin-harita-768x433.png 768w, https:\/\/sevilma.com\/wp-content\/uploads\/aydin-harita-18x10.png 18w, https:\/\/sevilma.com\/wp-content\/uploads\/aydin-harita-900x508.png 900w, https:\/\/sevilma.com\/wp-content\/uploads\/aydin-harita.png 929w\" sizes=\"auto, (max-width: 300px) 100vw, 300px\" \/><\/p>","protected":false},"excerpt":{"rendered":"<p><b>Region: <\/b><span style=\"font-weight: 400\">Ayd\u0131n \u00c7ine, Mente\u015fe Da\u011flar\u0131<\/span><\/p>\n<p><b>Oil Category: <\/b><span style=\"font-weight: 400\">Cold Pressed Natural Extra Virgin Olive Oil<\/span><\/p>\n<p><b>Olive Varieties: <\/b><span style=\"font-weight: 400\">Y\u00fczde y\u00fcz Memecik zeytin a\u011fa\u00e7lar\u0131n\u0131n meyvelerinden elde edilmi\u015ftir.<\/span><\/p>\n<p><b>International Standards Provided by the Product:<\/b><span style=\"font-weight: 400\"> UNESCO Intangible Cultural Heritage, Agroecological Production<\/span><\/p>\n<p><b>Flavor: <\/b><span style=\"font-weight: 400\">Highly aromatic, with wild berry and fruit notes<\/span><\/p>\n<p><b>How to Consume: <\/b><span style=\"font-weight: 400\">\u00c7i\u011f kullan\u0131m ve yemekler i\u00e7in uygun. Salatalara ve yemeklere Memecik zeytininin g\u00fc\u00e7l\u00fc aromas\u0131n\u0131 katarak benzersiz bir lezzet sa\u011flar.<\/span><\/p>","protected":false},"featured_media":3580,"comment_status":"open","ping_status":"closed","template":"","meta":{"_uag_custom_page_level_css":"","site-sidebar-layout":"default","site-content-layout":"content-boxed-container","ast-site-content-layout":"normal-width-container","site-content-style":"boxed","site-sidebar-style":"unboxed","ast-global-header-display":"","ast-banner-title-visibility":"","ast-main-header-display":"","ast-hfb-above-header-display":"","ast-hfb-below-header-display":"","ast-hfb-mobile-header-display":"","site-post-title":"","ast-breadcrumbs-content":"","ast-featured-img":"","footer-sml-layout":"","ast-disable-related-posts":"","theme-transparent-header-meta":"default","adv-header-id-meta":"","stick-header-meta":"default","header-above-stick-meta":"","header-main-stick-meta":"","header-below-stick-meta":"","astra-migrate-meta-layouts":"set","ast-page-background-enabled":"default","ast-page-background-meta":{"desktop":{"background-color":"var(--ast-global-color-4)","background-image":"","background-repeat":"repeat","background-position":"center center","background-size":"auto","background-attachment":"scroll","background-type":"","background-media":"","overlay-type":"","overlay-color":"","overlay-opacity":"","overlay-gradient":""},"tablet":{"background-color":"","background-image":"","background-repeat":"repeat","background-position":"center center","background-size":"auto","background-attachment":"scroll","background-type":"","background-media":"","overlay-type":"","overlay-color":"","overlay-opacity":"","overlay-gradient":""},"mobile":{"background-color":"","background-image":"","background-repeat":"repeat","background-position":"center center","background-size":"auto","background-attachment":"scroll","background-type":"","background-media":"","overlay-type":"","overlay-color":"","overlay-opacity":"","overlay-gradient":""}},"ast-content-background-meta":{"desktop":{"background-color":"var(--ast-global-color-5)","background-image":"","background-repeat":"repeat","background-position":"center center","background-size":"auto","background-attachment":"scroll","background-type":"","background-media":"","overlay-type":"","overlay-color":"","overlay-opacity":"","overlay-gradient":""},"tablet":{"background-color":"var(--ast-global-color-5)","background-image":"","background-repeat":"repeat","background-position":"center center","background-size":"auto","background-attachment":"scroll","background-type":"","background-media":"","overlay-type":"","overlay-color":"","overlay-opacity":"","overlay-gradient":""},"mobile":{"background-color":"var(--ast-global-color-5)","background-image":"","background-repeat":"repeat","background-position":"center center","background-size":"auto","background-attachment":"scroll","background-type":"","background-media":"","overlay-type":"","overlay-color":"","overlay-opacity":"","overlay-gradient":""}}},"product_brand":[],"product_cat":[62],"product_tag":[],"class_list":{"0":"post-241","1":"product","2":"type-product","3":"status-publish","4":"has-post-thumbnail","6":"product_cat-naturel-sizma","7":"desktop-align-center","8":"tablet-align-center","9":"mobile-align-center","10":"ast-product-gallery-layout-horizontal-slider","11":"ast-magnify-disabled","12":"ast-product-single-variable","13":"ast-product-tabs-layout-horizontal","15":"first","16":"outofstock","17":"taxable","18":"shipping-taxable","19":"purchasable","20":"product-type-variable"},"uagb_featured_image_src":{"full":["https:\/\/sevilma.com\/wp-content\/uploads\/aydin-memecik-500ml-konsept-2.jpg",1200,1500,false],"thumbnail":["https:\/\/sevilma.com\/wp-content\/uploads\/aydin-memecik-500ml-konsept-2-150x150.jpg",150,150,true],"medium":["https:\/\/sevilma.com\/wp-content\/uploads\/aydin-memecik-500ml-konsept-2-240x300.jpg",240,300,true],"medium_large":["https:\/\/sevilma.com\/wp-content\/uploads\/aydin-memecik-500ml-konsept-2-768x960.jpg",768,960,true],"large":["https:\/\/sevilma.com\/wp-content\/uploads\/aydin-memecik-500ml-konsept-2-819x1024.jpg",819,1024,true],"1536x1536":["https:\/\/sevilma.com\/wp-content\/uploads\/aydin-memecik-500ml-konsept-2.jpg",1200,1500,false],"2048x2048":["https:\/\/sevilma.com\/wp-content\/uploads\/aydin-memecik-500ml-konsept-2.jpg",1200,1500,false],"trp-custom-language-flag":["https:\/\/sevilma.com\/wp-content\/uploads\/aydin-memecik-500ml-konsept-2-10x12.jpg",10,12,true],"woocommerce_thumbnail":["https:\/\/sevilma.com\/wp-content\/uploads\/aydin-memecik-500ml-konsept-2-600x750.jpg",600,750,true],"woocommerce_single":["https:\/\/sevilma.com\/wp-content\/uploads\/aydin-memecik-500ml-konsept-2-900x1125.jpg",900,1125,true],"woocommerce_gallery_thumbnail":["https:\/\/sevilma.com\/wp-content\/uploads\/aydin-memecik-500ml-konsept-2-100x100.jpg",100,100,true]},"uagb_author_info":{"display_name":"erdem","author_link":"https:\/\/sevilma.com\/en\/author\/"},"uagb_comment_info":0,"uagb_excerpt":"B\u00f6lge: Ayd\u0131n \u00c7ine, Mente\u015fe Da\u011flar\u0131 Ya\u011f Kategorisi: So\u011fuk S\u0131k\u0131m Nat\u00fcrel S\u0131zma \u00dcretim: Y\u00fczde y\u00fcz Memecik zeytin a\u011fa\u00e7lar\u0131n\u0131n meyvelerinden elde edilmi\u015ftir. \u00dcr\u00fcn\u00fcn Sa\u011flad\u0131\u011f\u0131 Uluslararas\u0131 Kriterler: UNESCO Somut Olmayan K\u00fclt\u00fcr Miras\u0131, Agroekolojik \u00dcretim Lezzet: Y\u00fcksek aromal\u0131, yaban \u00e7al\u0131lar\u0131 ve meyve kokulu Kullan\u0131m \u00d6nerisi: \u00c7i\u011f kullan\u0131m ve yemekler i\u00e7in uygun. Salatalara ve yemeklere Memecik zeytininin g\u00fc\u00e7l\u00fc aromas\u0131n\u0131 katarak&hellip;","_links":{"self":[{"href":"https:\/\/sevilma.com\/en\/wp-json\/wp\/v2\/product\/241","targetHints":{"allow":["GET"]}}],"collection":[{"href":"https:\/\/sevilma.com\/en\/wp-json\/wp\/v2\/product"}],"about":[{"href":"https:\/\/sevilma.com\/en\/wp-json\/wp\/v2\/types\/product"}],"replies":[{"embeddable":true,"href":"https:\/\/sevilma.com\/en\/wp-json\/wp\/v2\/comments?post=241"}],"wp:featuredmedia":[{"embeddable":true,"href":"https:\/\/sevilma.com\/en\/wp-json\/wp\/v2\/media\/3580"}],"wp:attachment":[{"href":"https:\/\/sevilma.com\/en\/wp-json\/wp\/v2\/media?parent=241"}],"wp:term":[{"taxonomy":"product_brand","embeddable":true,"href":"https:\/\/sevilma.com\/en\/wp-json\/wp\/v2\/product_brand?post=241"},{"taxonomy":"product_cat","embeddable":true,"href":"https:\/\/sevilma.com\/en\/wp-json\/wp\/v2\/product_cat?post=241"},{"taxonomy":"product_tag","embeddable":true,"href":"https:\/\/sevilma.com\/en\/wp-json\/wp\/v2\/product_tag?post=241"}],"curies":[{"name":"wp","href":"https:\/\/api.w.org\/{rel}","templated":true}]}}