{"id":2729,"date":"2025-05-22T21:48:58","date_gmt":"2025-05-22T21:48:58","guid":{"rendered":"https:\/\/sevilma.com\/?post_type=product&#038;p=2729"},"modified":"2026-02-03T13:01:17","modified_gmt":"2026-02-03T13:01:17","slug":"izmir-kizildag-naturel-sizma-zeytinyagi-erken-hasat","status":"publish","type":"product","link":"https:\/\/sevilma.com\/en\/product\/izmir-kizildag-naturel-sizma-zeytinyagi-erken-hasat\/","title":{"rendered":"\u0130zmir K\u0131z\u0131lda\u011f Erken Hasat Nat\u00fcrel S\u0131zma"},"content":{"rendered":"<p><strong>\u0130zmir K\u0131z\u0131lda\u011f<\/strong><br \/>\n<strong>Erken Hasat Nat\u00fcrel S\u0131zma Zeytinya\u011f\u0131<\/strong><\/p>\n<p>\u0130zmir K\u0131z\u0131lda\u011f Erken Hasat Nat\u00fcrel S\u0131zma Zeytinya\u011f\u0131, \u0130zmir K\u00f6rfezi ile S\u0131\u011fac\u0131k K\u00f6rfezi\u2019ni ay\u0131ran K\u0131z\u0131lda\u011f\u2019dan ad\u0131n\u0131 al\u0131r. Sevilma zeytinya\u011flar\u0131n\u0131n \u00fcretildi\u011fi Ercan Baba Zeytinya\u011f\u0131 Fabrikas\u0131 da bu da\u011f\u0131n eteklerinde, zeytinliklerle i\u00e7 i\u00e7e bir co\u011frafyada yer al\u0131r.<\/p>\n<p>B\u00f6lgede en yayg\u0131n olarak yeti\u015ftirilen zeytin \u0131rk\u0131, \u0130zmir Yar\u0131madas\u0131\u2019na \u00f6zg\u00fc erkence zeytinidir. Bu kadim co\u011frafyada yeti\u015fen erkence zeytinleri, erken hasat d\u00f6neminde \u00f6zenle toplanarak nat\u00fcrel s\u0131zma zeytinya\u011f\u0131na d\u00f6n\u00fc\u015ft\u00fcr\u00fcl\u00fcr.<\/p>\n<p>0,5 asitlik de\u011feri ve y\u00fcksek polifenol d\u00fczeyiyle \u00f6ne \u00e7\u0131kan \u0130zmir K\u0131z\u0131lda\u011f Erken Hasat Zeytinya\u011f\u0131, taze, canl\u0131 ve karakteristik aromas\u0131yla Ege\u2019nin da\u011flar\u0131ndan sofran\u0131za uzanan dengeli bir lezzet sunar.<\/p>\n<p><img loading=\"lazy\" decoding=\"async\" class=\"alignnone size-medium wp-image-3558\" src=\"https:\/\/sevilma.com\/wp-content\/uploads\/kizildag-harita-300x230.png\" alt=\"\" width=\"300\" height=\"230\" title=\"\" srcset=\"https:\/\/sevilma.com\/wp-content\/uploads\/kizildag-harita-300x230.png 300w, https:\/\/sevilma.com\/wp-content\/uploads\/kizildag-harita-1024x785.png 1024w, https:\/\/sevilma.com\/wp-content\/uploads\/kizildag-harita-768x589.png 768w, https:\/\/sevilma.com\/wp-content\/uploads\/kizildag-harita-16x12.png 16w, https:\/\/sevilma.com\/wp-content\/uploads\/kizildag-harita-900x690.png 900w, https:\/\/sevilma.com\/wp-content\/uploads\/kizildag-harita.png 1158w\" sizes=\"auto, (max-width: 300px) 100vw, 300px\" \/><\/p>","protected":false},"excerpt":{"rendered":"<p><b>Region: <\/b><span style=\"font-weight: 400\">K\u0131z\u0131lda\u011f, \u0130zmir<\/span><\/p>\n<p><b>Oil Category: <\/b><span style=\"font-weight: 400\">Early Harvest Extra Virgin \u00a0 \u00a0 <\/span><b>\u00a0\u00a0\u00a0\u00a0\u00a0\u00a0\u00a0\u00a0\u00a0\u00a0\u00a0\u00a0\u00a0<\/b><\/p>\n<p><b>Olive Varieties: <\/b><span style=\"font-weight: 400\">\u0130zmir K\u00f6rfezi ve S\u0131\u011fac\u0131k K\u00f6rfezi\u2019ni birbirinden ay\u0131ran K\u0131z\u0131lda\u011f\u2019daki zeytinlerin meyvelerinden elde edilmi\u015ftir.<\/span><\/p>\n<p><b>Flavor: <\/b><span style=\"font-weight: 400\">Highly aromatic, medium-bodied, bitter, with notes of fruit and wild berries.<\/span><\/p>\n<p><b>How to Consume: <\/b><span style=\"font-weight: 400\">\u00c7i\u011f t\u00fcketime uygundur. Peynir tabaklar\u0131, salatalarda kullan\u0131labilir. S\u0131cak yemeklerin \u00fczerinde sonradan gezdirilebilir. Zeytinya\u011fl\u0131larda kullan\u0131ld\u0131\u011f\u0131nda y\u00fcksek aroma verir.<\/span><\/p>","protected":false},"featured_media":3577,"comment_status":"open","ping_status":"closed","template":"","meta":{"_uag_custom_page_level_css":"","site-sidebar-layout":"default","site-content-layout":"","ast-site-content-layout":"default","site-content-style":"default","site-sidebar-style":"default","ast-global-header-display":"","ast-banner-title-visibility":"","ast-main-header-display":"","ast-hfb-above-header-display":"","ast-hfb-below-header-display":"","ast-hfb-mobile-header-display":"","site-post-title":"","ast-breadcrumbs-content":"","ast-featured-img":"","footer-sml-layout":"","ast-disable-related-posts":"","theme-transparent-header-meta":"default","adv-header-id-meta":"","stick-header-meta":"default","header-above-stick-meta":"","header-main-stick-meta":"","header-below-stick-meta":"","astra-migrate-meta-layouts":"set","ast-page-background-enabled":"default","ast-page-background-meta":{"desktop":{"background-color":"var(--ast-global-color-4)","background-image":"","background-repeat":"repeat","background-position":"center center","background-size":"auto","background-attachment":"scroll","background-type":"","background-media":"","overlay-type":"","overlay-color":"","overlay-opacity":"","overlay-gradient":""},"tablet":{"background-color":"","background-image":"","background-repeat":"repeat","background-position":"center center","background-size":"auto","background-attachment":"scroll","background-type":"","background-media":"","overlay-type":"","overlay-color":"","overlay-opacity":"","overlay-gradient":""},"mobile":{"background-color":"","background-image":"","background-repeat":"repeat","background-position":"center center","background-size":"auto","background-attachment":"scroll","background-type":"","background-media":"","overlay-type":"","overlay-color":"","overlay-opacity":"","overlay-gradient":""}},"ast-content-background-meta":{"desktop":{"background-color":"var(--ast-global-color-5)","background-image":"","background-repeat":"repeat","background-position":"center center","background-size":"auto","background-attachment":"scroll","background-type":"","background-media":"","overlay-type":"","overlay-color":"","overlay-opacity":"","overlay-gradient":""},"tablet":{"background-color":"var(--ast-global-color-5)","background-image":"","background-repeat":"repeat","background-position":"center center","background-size":"auto","background-attachment":"scroll","background-type":"","background-media":"","overlay-type":"","overlay-color":"","overlay-opacity":"","overlay-gradient":""},"mobile":{"background-color":"var(--ast-global-color-5)","background-image":"","background-repeat":"repeat","background-position":"center center","background-size":"auto","background-attachment":"scroll","background-type":"","background-media":"","overlay-type":"","overlay-color":"","overlay-opacity":"","overlay-gradient":""}}},"product_brand":[],"product_cat":[65],"product_tag":[],"class_list":{"0":"post-2729","1":"product","2":"type-product","3":"status-publish","4":"has-post-thumbnail","6":"product_cat-erken-hasat-naturel-sizma","7":"desktop-align-center","8":"tablet-align-center","9":"mobile-align-center","10":"ast-product-gallery-layout-horizontal-slider","11":"ast-magnify-disabled","12":"ast-product-single-variable","13":"ast-product-tabs-layout-horizontal","15":"first","16":"instock","17":"taxable","18":"shipping-taxable","19":"purchasable","20":"product-type-variable"},"uagb_featured_image_src":{"full":["https:\/\/sevilma.com\/wp-content\/uploads\/kizildag-500ml-konsept.jpg.jpeg",1200,1500,false],"thumbnail":["https:\/\/sevilma.com\/wp-content\/uploads\/kizildag-500ml-konsept.jpg-150x150.jpeg",150,150,true],"medium":["https:\/\/sevilma.com\/wp-content\/uploads\/kizildag-500ml-konsept.jpg-240x300.jpeg",240,300,true],"medium_large":["https:\/\/sevilma.com\/wp-content\/uploads\/kizildag-500ml-konsept.jpg-768x960.jpeg",768,960,true],"large":["https:\/\/sevilma.com\/wp-content\/uploads\/kizildag-500ml-konsept.jpg-819x1024.jpeg",819,1024,true],"1536x1536":["https:\/\/sevilma.com\/wp-content\/uploads\/kizildag-500ml-konsept.jpg.jpeg",1200,1500,false],"2048x2048":["https:\/\/sevilma.com\/wp-content\/uploads\/kizildag-500ml-konsept.jpg.jpeg",1200,1500,false],"trp-custom-language-flag":["https:\/\/sevilma.com\/wp-content\/uploads\/kizildag-500ml-konsept.jpg-10x12.jpeg",10,12,true],"woocommerce_thumbnail":["https:\/\/sevilma.com\/wp-content\/uploads\/kizildag-500ml-konsept.jpg-600x750.jpeg",600,750,true],"woocommerce_single":["https:\/\/sevilma.com\/wp-content\/uploads\/kizildag-500ml-konsept.jpg-900x1125.jpeg",900,1125,true],"woocommerce_gallery_thumbnail":["https:\/\/sevilma.com\/wp-content\/uploads\/kizildag-500ml-konsept.jpg-100x100.jpeg",100,100,true]},"uagb_author_info":{"display_name":"erdem","author_link":"https:\/\/sevilma.com\/en\/author\/"},"uagb_comment_info":0,"uagb_excerpt":"B\u00f6lge: K\u0131z\u0131lda\u011f, \u0130zmir Ya\u011f Kategorisi: So\u011fuk S\u0131k\u0131m Erken Hasat Nat\u00fcrel S\u0131zma \u00a0 \u00a0 \u00a0\u00a0\u00a0\u00a0\u00a0\u00a0\u00a0\u00a0\u00a0\u00a0\u00a0\u00a0\u00a0 \u00dcretim: \u0130zmir K\u00f6rfezi ve S\u0131\u011fac\u0131k K\u00f6rfezi\u2019ni birbirinden ay\u0131ran K\u0131z\u0131lda\u011f\u2019daki zeytinlerin meyvelerinden elde edilmi\u015ftir. Lezzet: Y\u00fcksek aromal\u0131, orta sertlikte, ac\u0131ms\u0131, meyve ve yaban \u00e7al\u0131lar\u0131 kokulu Kullan\u0131m \u00d6nerisi: \u00c7i\u011f t\u00fcketime uygundur. Peynir tabaklar\u0131, salatalarda kullan\u0131labilir. S\u0131cak yemeklerin \u00fczerinde sonradan gezdirilebilir. Zeytinya\u011fl\u0131larda kullan\u0131ld\u0131\u011f\u0131nda y\u00fcksek&hellip;","_links":{"self":[{"href":"https:\/\/sevilma.com\/en\/wp-json\/wp\/v2\/product\/2729","targetHints":{"allow":["GET"]}}],"collection":[{"href":"https:\/\/sevilma.com\/en\/wp-json\/wp\/v2\/product"}],"about":[{"href":"https:\/\/sevilma.com\/en\/wp-json\/wp\/v2\/types\/product"}],"replies":[{"embeddable":true,"href":"https:\/\/sevilma.com\/en\/wp-json\/wp\/v2\/comments?post=2729"}],"wp:featuredmedia":[{"embeddable":true,"href":"https:\/\/sevilma.com\/en\/wp-json\/wp\/v2\/media\/3577"}],"wp:attachment":[{"href":"https:\/\/sevilma.com\/en\/wp-json\/wp\/v2\/media?parent=2729"}],"wp:term":[{"taxonomy":"product_brand","embeddable":true,"href":"https:\/\/sevilma.com\/en\/wp-json\/wp\/v2\/product_brand?post=2729"},{"taxonomy":"product_cat","embeddable":true,"href":"https:\/\/sevilma.com\/en\/wp-json\/wp\/v2\/product_cat?post=2729"},{"taxonomy":"product_tag","embeddable":true,"href":"https:\/\/sevilma.com\/en\/wp-json\/wp\/v2\/product_tag?post=2729"}],"curies":[{"name":"wp","href":"https:\/\/api.w.org\/{rel}","templated":true}]}}