{"id":2753,"date":"2025-05-22T23:46:09","date_gmt":"2025-05-22T23:46:09","guid":{"rendered":"https:\/\/sevilma.com\/?post_type=product&#038;p=2753"},"modified":"2026-02-03T12:58:43","modified_gmt":"2026-02-03T12:58:43","slug":"izmir-erkence-presidium-naturel-sizma-zeytinyagi","status":"publish","type":"product","link":"https:\/\/sevilma.com\/en\/product\/izmir-erkence-presidium-naturel-sizma-zeytinyagi\/","title":{"rendered":"\u0130zmir Erkence Presidium"},"content":{"rendered":"<p><strong>\u0130zmir Erkence Presidium<\/strong><br \/>\n<strong>Ege Kadim \u00dcretim Havzalar\u0131 Nat\u00fcrel S\u0131zma Zeytinya\u011f\u0131<\/strong><\/p>\n<p>\u0130zmir Erkence Presidium Zeytinya\u011f\u0131, yaln\u0131zca \u0130zmir Yar\u0131madas\u0131\u2019nda bulunan erkence \u0131rk\u0131 zeytinlerden \u00fcretilir. Yabani zeytinlere (delice) a\u015f\u0131lanarak yeti\u015ftirilen bu zeytinliklerde kimyasal ila\u00e7 kullan\u0131m\u0131 ve sulama yap\u0131lmaz, toprak s\u00fcr\u00fclmez.\u00a0Do\u011fayla uyumlu bu agroekolojik \u00fcretim anlay\u0131\u015f\u0131, b\u00f6lgenin biyolojik \u00e7e\u015fitlili\u011fini korur.<\/p>\n<p>Delice a\u011fa\u00e7lar\u0131yla ba\u015flayan bu kadim \u00fcretim k\u00fclt\u00fcr\u00fc, Slow Food International taraf\u0131ndan <em><strong>Ege Kadim \u00dcretim Havzalar\u0131 Nat\u00fcrel S\u0131zma Presidium Zeytinya\u011f\u0131<\/strong><\/em> olarak tescillenmi\u015ftir. Ayn\u0131 zamanda UNESCO taraf\u0131ndan Somut Olmayan K\u00fclt\u00fcr Miras\u0131 olarak kabul edilen bu k\u00fclt\u00fcr, pek \u00e7ok canl\u0131ya ya\u015fam alan\u0131 sunar.<\/p>\n<p>Fabrikam\u0131z, Slow Food Presidium \u2013 Ege Kadim \u00dcretim Havzalar\u0131 Nat\u00fcrel S\u0131zma Zeytinya\u011f\u0131 \u00fcretimi yapan T\u00fcrkiye\u2019deki tek tesistir.<\/p>\n<p>0,6 asitlik de\u011feri ve y\u00fcksek polifenol profiliyle \u00f6ne \u00e7\u0131kan \u0130zmir Erkence Presidium Zeytinya\u011f\u0131, kendine \u00f6zg\u00fc aromas\u0131yla d\u00fcnyan\u0131n en kadim, sa\u011fl\u0131kl\u0131 ve lezzetli zeytinya\u011flar\u0131ndan birini sofran\u0131za ta\u015f\u0131r.<\/p>\n<p><img loading=\"lazy\" decoding=\"async\" class=\"alignnone size-medium wp-image-3556\" src=\"https:\/\/sevilma.com\/wp-content\/uploads\/erkence-harita-300x230.png\" alt=\"\" width=\"300\" height=\"230\" title=\"\" srcset=\"https:\/\/sevilma.com\/wp-content\/uploads\/erkence-harita-300x230.png 300w, https:\/\/sevilma.com\/wp-content\/uploads\/erkence-harita-1024x785.png 1024w, https:\/\/sevilma.com\/wp-content\/uploads\/erkence-harita-768x589.png 768w, https:\/\/sevilma.com\/wp-content\/uploads\/erkence-harita-1536x1178.png 1536w, https:\/\/sevilma.com\/wp-content\/uploads\/erkence-harita-16x12.png 16w, https:\/\/sevilma.com\/wp-content\/uploads\/erkence-harita-900x690.png 900w, https:\/\/sevilma.com\/wp-content\/uploads\/erkence-harita.png 1544w\" sizes=\"auto, (max-width: 300px) 100vw, 300px\" \/><\/p>","protected":false},"excerpt":{"rendered":"<p><b>Region:<\/b> \u0130zmir Yar\u0131madas\u0131<\/p>\n<p><b>Oil Category:\u00a0<\/b>Cold Pressed Natural Extra Virgin Olive Oil<\/p>\n<p><b>Olive Varieties:\u00a0<\/b>Made from 100% Erkence olive tree fruits.<\/p>\n<p><b>International Standards Provided by the Product:\u00a0<\/b>Slow Food Presidium, UNESCO Intangible Cultural Heritage, Agroecological Production<\/p>\n<p><b>Flavor:\u00a0<\/b>Highly aromatic, with wild berry and fruit notes<\/p>\n<p><b>How to Consume:\u00a0<\/b>\u00c7i\u011f ve yemeklik kullan\u0131m i\u00e7in tavsiye ediyoruz. Salatalara erkence zeytinlerinin i\u00e7indeki farkl\u0131 aromalar\u0131 ve kokular\u0131 katarak benzersiz bir lezzet verir.<\/p>","protected":false},"featured_media":3585,"comment_status":"open","ping_status":"closed","template":"","meta":{"_uag_custom_page_level_css":"","site-sidebar-layout":"default","site-content-layout":"","ast-site-content-layout":"default","site-content-style":"default","site-sidebar-style":"default","ast-global-header-display":"","ast-banner-title-visibility":"","ast-main-header-display":"","ast-hfb-above-header-display":"","ast-hfb-below-header-display":"","ast-hfb-mobile-header-display":"","site-post-title":"","ast-breadcrumbs-content":"","ast-featured-img":"","footer-sml-layout":"","ast-disable-related-posts":"","theme-transparent-header-meta":"default","adv-header-id-meta":"","stick-header-meta":"default","header-above-stick-meta":"","header-main-stick-meta":"","header-below-stick-meta":"","astra-migrate-meta-layouts":"set","ast-page-background-enabled":"default","ast-page-background-meta":{"desktop":{"background-color":"var(--ast-global-color-4)","background-image":"","background-repeat":"repeat","background-position":"center center","background-size":"auto","background-attachment":"scroll","background-type":"","background-media":"","overlay-type":"","overlay-color":"","overlay-opacity":"","overlay-gradient":""},"tablet":{"background-color":"","background-image":"","background-repeat":"repeat","background-position":"center center","background-size":"auto","background-attachment":"scroll","background-type":"","background-media":"","overlay-type":"","overlay-color":"","overlay-opacity":"","overlay-gradient":""},"mobile":{"background-color":"","background-image":"","background-repeat":"repeat","background-position":"center center","background-size":"auto","background-attachment":"scroll","background-type":"","background-media":"","overlay-type":"","overlay-color":"","overlay-opacity":"","overlay-gradient":""}},"ast-content-background-meta":{"desktop":{"background-color":"var(--ast-global-color-5)","background-image":"","background-repeat":"repeat","background-position":"center center","background-size":"auto","background-attachment":"scroll","background-type":"","background-media":"","overlay-type":"","overlay-color":"","overlay-opacity":"","overlay-gradient":""},"tablet":{"background-color":"var(--ast-global-color-5)","background-image":"","background-repeat":"repeat","background-position":"center center","background-size":"auto","background-attachment":"scroll","background-type":"","background-media":"","overlay-type":"","overlay-color":"","overlay-opacity":"","overlay-gradient":""},"mobile":{"background-color":"var(--ast-global-color-5)","background-image":"","background-repeat":"repeat","background-position":"center center","background-size":"auto","background-attachment":"scroll","background-type":"","background-media":"","overlay-type":"","overlay-color":"","overlay-opacity":"","overlay-gradient":""}}},"product_brand":[],"product_cat":[62],"product_tag":[],"class_list":{"0":"post-2753","1":"product","2":"type-product","3":"status-publish","4":"has-post-thumbnail","6":"product_cat-naturel-sizma","7":"desktop-align-center","8":"tablet-align-center","9":"mobile-align-center","10":"ast-product-gallery-layout-horizontal-slider","11":"ast-magnify-disabled","12":"ast-product-single-variable","13":"ast-product-tabs-layout-horizontal","15":"first","16":"instock","17":"taxable","18":"shipping-taxable","19":"purchasable","20":"product-type-variable"},"uagb_featured_image_src":{"full":["https:\/\/sevilma.com\/wp-content\/uploads\/erkence-presidium-500ml-konsept-3.jpg",1200,1500,false],"thumbnail":["https:\/\/sevilma.com\/wp-content\/uploads\/erkence-presidium-500ml-konsept-3-150x150.jpg",150,150,true],"medium":["https:\/\/sevilma.com\/wp-content\/uploads\/erkence-presidium-500ml-konsept-3-240x300.jpg",240,300,true],"medium_large":["https:\/\/sevilma.com\/wp-content\/uploads\/erkence-presidium-500ml-konsept-3-768x960.jpg",768,960,true],"large":["https:\/\/sevilma.com\/wp-content\/uploads\/erkence-presidium-500ml-konsept-3-819x1024.jpg",819,1024,true],"1536x1536":["https:\/\/sevilma.com\/wp-content\/uploads\/erkence-presidium-500ml-konsept-3.jpg",1200,1500,false],"2048x2048":["https:\/\/sevilma.com\/wp-content\/uploads\/erkence-presidium-500ml-konsept-3.jpg",1200,1500,false],"trp-custom-language-flag":["https:\/\/sevilma.com\/wp-content\/uploads\/erkence-presidium-500ml-konsept-3-10x12.jpg",10,12,true],"woocommerce_thumbnail":["https:\/\/sevilma.com\/wp-content\/uploads\/erkence-presidium-500ml-konsept-3-600x750.jpg",600,750,true],"woocommerce_single":["https:\/\/sevilma.com\/wp-content\/uploads\/erkence-presidium-500ml-konsept-3-900x1125.jpg",900,1125,true],"woocommerce_gallery_thumbnail":["https:\/\/sevilma.com\/wp-content\/uploads\/erkence-presidium-500ml-konsept-3-100x100.jpg",100,100,true]},"uagb_author_info":{"display_name":"erdem","author_link":"https:\/\/sevilma.com\/en\/author\/"},"uagb_comment_info":0,"uagb_excerpt":"B\u00f6lge: \u0130zmir Yar\u0131madas\u0131 Ya\u011f Kategorisi:\u00a0So\u011fuk S\u0131k\u0131m Nat\u00fcrel S\u0131zma \u00dcretim:\u00a0Y\u00fczde y\u00fcz erkence zeytin a\u011fa\u00e7lar\u0131n\u0131n meyvelerinden elde edilmi\u015ftir. \u00dcr\u00fcn\u00fcn Sa\u011flad\u0131\u011f\u0131 Uluslararas\u0131 Kriterler:\u00a0Slow Food Presidium, UNESCO Somut Olmayan K\u00fclt\u00fcr Miras\u0131, Agroekolojik \u00dcretim Lezzet:\u00a0Y\u00fcksek aromal\u0131, yaban \u00e7al\u0131lar\u0131 ve meyve kokulu Kullan\u0131m \u00d6nerisi:\u00a0\u00c7i\u011f ve yemeklik kullan\u0131m i\u00e7in tavsiye ediyoruz. Salatalara erkence zeytinlerinin i\u00e7indeki farkl\u0131 aromalar\u0131 ve kokular\u0131 katarak benzersiz bir&hellip;","_links":{"self":[{"href":"https:\/\/sevilma.com\/en\/wp-json\/wp\/v2\/product\/2753","targetHints":{"allow":["GET"]}}],"collection":[{"href":"https:\/\/sevilma.com\/en\/wp-json\/wp\/v2\/product"}],"about":[{"href":"https:\/\/sevilma.com\/en\/wp-json\/wp\/v2\/types\/product"}],"replies":[{"embeddable":true,"href":"https:\/\/sevilma.com\/en\/wp-json\/wp\/v2\/comments?post=2753"}],"wp:featuredmedia":[{"embeddable":true,"href":"https:\/\/sevilma.com\/en\/wp-json\/wp\/v2\/media\/3585"}],"wp:attachment":[{"href":"https:\/\/sevilma.com\/en\/wp-json\/wp\/v2\/media?parent=2753"}],"wp:term":[{"taxonomy":"product_brand","embeddable":true,"href":"https:\/\/sevilma.com\/en\/wp-json\/wp\/v2\/product_brand?post=2753"},{"taxonomy":"product_cat","embeddable":true,"href":"https:\/\/sevilma.com\/en\/wp-json\/wp\/v2\/product_cat?post=2753"},{"taxonomy":"product_tag","embeddable":true,"href":"https:\/\/sevilma.com\/en\/wp-json\/wp\/v2\/product_tag?post=2753"}],"curies":[{"name":"wp","href":"https:\/\/api.w.org\/{rel}","templated":true}]}}