{"id":2771,"date":"2025-05-22T23:42:56","date_gmt":"2025-05-22T23:42:56","guid":{"rendered":"https:\/\/sevilma.com\/?post_type=product&#038;p=2771"},"modified":"2026-04-06T12:36:26","modified_gmt":"2026-04-06T12:36:26","slug":"izmir-teos-presidium-naturel-sizma-zeytinyagi-erken-hasat","status":"publish","type":"product","link":"https:\/\/sevilma.com\/en\/product\/izmir-teos-presidium-naturel-sizma-zeytinyagi-erken-hasat\/","title":{"rendered":"\u0130zmir Teos Presidium"},"content":{"rendered":"<p><strong>\u0130zmir Teos Presidium<\/strong><br \/>\n<strong>Ege Kadim \u00dcretim Havzalar\u0131 Nat\u00fcrel S\u0131zma Zeytinya\u011f\u0131<\/strong><\/p>\n<p>\u0130zmir Teos Presidium Zeytinya\u011f\u0131, d\u00fcnyada yaln\u0131zca \u0130zmir Yar\u0131madas\u0131\u2019nda, bug\u00fcn S\u0131\u011fac\u0131k olarak bilinen Teos ve \u00e7evresinde yeti\u015fen erkence zeytin a\u011fa\u00e7lar\u0131n\u0131n meyvelerinden \u00fcretilir. Teos zeytinlikleri, Akdeniz orman ekosistemi i\u00e7inde do\u011fal olarak yeti\u015fen delicelere erkence \u0131rk\u0131n\u0131n a\u015f\u0131lanmas\u0131yla olu\u015fmu\u015ftur. \u00dcretim s\u00fcrecinde zirai zehir kullan\u0131lmaz, a\u011fa\u00e7lar sulanmaz ve zeytinlikler do\u011fal yap\u0131s\u0131n\u0131 koruyarak varl\u0131\u011f\u0131n\u0131 s\u00fcrd\u00fcr\u00fcr.<\/p>\n<p>Delice a\u011fa\u00e7lar\u0131yla ba\u015flayan bu agroekolojik \u00fcretim modeli, Slow Food International taraf\u0131ndan <em><strong>Ege Kadim \u00dcretim Havzalar\u0131 Nat\u00fcrel S\u0131zma Presidium Zeytinya\u011f\u0131<\/strong> <\/em>olarak tescillenmi\u015ftir. Ayn\u0131 zamanda UNESCO taraf\u0131ndan Somut Olmayan K\u00fclt\u00fcr Miras\u0131 olarak kabul edilen bu \u00fcretim k\u00fclt\u00fcr\u00fc, do\u011fayla uyumlu bir ya\u015fam alan\u0131 sunar.<\/p>\n<p>0,4 asitlik de\u011feri ve y\u00fcksek polifenol profiliyle \u00f6ne \u00e7\u0131kan \u0130zmir Teos Presidium Zeytinya\u011f\u0131, kendine \u00f6zg\u00fc aromas\u0131yla zeytinya\u011f\u0131 uygarl\u0131\u011f\u0131n\u0131n binlerce y\u0131ll\u0131k bilgisini sofran\u0131za ta\u015f\u0131r.<\/p>\n<p><img loading=\"lazy\" decoding=\"async\" class=\"alignnone size-medium wp-image-3555\" src=\"https:\/\/sevilma.com\/wp-content\/uploads\/seferihisar-harita-300x230.png\" alt=\"\" width=\"300\" height=\"230\" title=\"\" srcset=\"https:\/\/sevilma.com\/wp-content\/uploads\/seferihisar-harita-300x230.png 300w, https:\/\/sevilma.com\/wp-content\/uploads\/seferihisar-harita-1024x785.png 1024w, https:\/\/sevilma.com\/wp-content\/uploads\/seferihisar-harita-768x589.png 768w, https:\/\/sevilma.com\/wp-content\/uploads\/seferihisar-harita-16x12.png 16w, https:\/\/sevilma.com\/wp-content\/uploads\/seferihisar-harita-900x690.png 900w, https:\/\/sevilma.com\/wp-content\/uploads\/seferihisar-harita.png 1104w\" sizes=\"auto, (max-width: 300px) 100vw, 300px\" \/><\/p>","protected":false},"excerpt":{"rendered":"<p><b>Region:<\/b><span style=\"font-weight: 400\"> Seferihisar, Teos &#8211; 104 \u015ei\u015fe S\u0131n\u0131rl\u0131 \u00dcretim<\/span><\/p>\n<p><b>Oil Category: <\/b><span style=\"font-weight: 400\">Cold Pressed Natural Extra Virgin Olive Oil<\/span><\/p>\n<p><b>Olive Varieties: <\/b><span style=\"font-weight: 400\">T\u00fcm\u00fcyle Seferihisar Teos \u00e7evresindeki as\u0131rl\u0131k erkence zeytinlerinin meyvelerinden elde edilmi\u015ftir.\u00a0<\/span><\/p>\n<p><b>International Standards Provided by the Product: <\/b><span style=\"font-weight: 400\">Slow Food Presidium, UNESCO Intangible Cultural Heritage, Agroecological Production<\/span><\/p>\n<p><b>Flavor: <\/b><span style=\"font-weight: 400\">Strongly scented, bitter, highly aromatic<\/span><\/p>\n<p><b>How to Consume: <\/b><span style=\"font-weight: 400\">\u00c7i\u011f kullan\u0131m i\u00e7in tavsiye ediyoruz. Salatalara erkence zeytininin i\u00e7indeki farkl\u0131 aromalar\u0131 ve kokular\u0131 katarak benzersiz bir lezzet verir.<\/span><\/p>","protected":false},"featured_media":3510,"comment_status":"open","ping_status":"closed","template":"","meta":{"_uag_custom_page_level_css":"","site-sidebar-layout":"default","site-content-layout":"","ast-site-content-layout":"default","site-content-style":"default","site-sidebar-style":"default","ast-global-header-display":"","ast-banner-title-visibility":"","ast-main-header-display":"","ast-hfb-above-header-display":"","ast-hfb-below-header-display":"","ast-hfb-mobile-header-display":"","site-post-title":"","ast-breadcrumbs-content":"","ast-featured-img":"","footer-sml-layout":"","ast-disable-related-posts":"","theme-transparent-header-meta":"default","adv-header-id-meta":"","stick-header-meta":"default","header-above-stick-meta":"","header-main-stick-meta":"","header-below-stick-meta":"","astra-migrate-meta-layouts":"set","ast-page-background-enabled":"default","ast-page-background-meta":{"desktop":{"background-color":"var(--ast-global-color-4)","background-image":"","background-repeat":"repeat","background-position":"center center","background-size":"auto","background-attachment":"scroll","background-type":"","background-media":"","overlay-type":"","overlay-color":"","overlay-opacity":"","overlay-gradient":""},"tablet":{"background-color":"","background-image":"","background-repeat":"repeat","background-position":"center center","background-size":"auto","background-attachment":"scroll","background-type":"","background-media":"","overlay-type":"","overlay-color":"","overlay-opacity":"","overlay-gradient":""},"mobile":{"background-color":"","background-image":"","background-repeat":"repeat","background-position":"center center","background-size":"auto","background-attachment":"scroll","background-type":"","background-media":"","overlay-type":"","overlay-color":"","overlay-opacity":"","overlay-gradient":""}},"ast-content-background-meta":{"desktop":{"background-color":"var(--ast-global-color-5)","background-image":"","background-repeat":"repeat","background-position":"center center","background-size":"auto","background-attachment":"scroll","background-type":"","background-media":"","overlay-type":"","overlay-color":"","overlay-opacity":"","overlay-gradient":""},"tablet":{"background-color":"var(--ast-global-color-5)","background-image":"","background-repeat":"repeat","background-position":"center center","background-size":"auto","background-attachment":"scroll","background-type":"","background-media":"","overlay-type":"","overlay-color":"","overlay-opacity":"","overlay-gradient":""},"mobile":{"background-color":"var(--ast-global-color-5)","background-image":"","background-repeat":"repeat","background-position":"center center","background-size":"auto","background-attachment":"scroll","background-type":"","background-media":"","overlay-type":"","overlay-color":"","overlay-opacity":"","overlay-gradient":""}}},"product_brand":[],"product_cat":[62],"product_tag":[],"class_list":{"0":"post-2771","1":"product","2":"type-product","3":"status-publish","4":"has-post-thumbnail","6":"product_cat-naturel-sizma","7":"desktop-align-center","8":"tablet-align-center","9":"mobile-align-center","10":"ast-product-gallery-layout-horizontal-slider","11":"ast-magnify-disabled","12":"ast-product-single-variable","13":"ast-product-tabs-layout-horizontal","15":"first","16":"outofstock","17":"taxable","18":"shipping-taxable","19":"purchasable","20":"product-type-variable"},"uagb_featured_image_src":{"full":["https:\/\/sevilma.com\/wp-content\/uploads\/teos-250ml-konsept.jpg",1200,1500,false],"thumbnail":["https:\/\/sevilma.com\/wp-content\/uploads\/teos-250ml-konsept-150x150.jpg",150,150,true],"medium":["https:\/\/sevilma.com\/wp-content\/uploads\/teos-250ml-konsept-240x300.jpg",240,300,true],"medium_large":["https:\/\/sevilma.com\/wp-content\/uploads\/teos-250ml-konsept-768x960.jpg",768,960,true],"large":["https:\/\/sevilma.com\/wp-content\/uploads\/teos-250ml-konsept-819x1024.jpg",819,1024,true],"1536x1536":["https:\/\/sevilma.com\/wp-content\/uploads\/teos-250ml-konsept.jpg",1200,1500,false],"2048x2048":["https:\/\/sevilma.com\/wp-content\/uploads\/teos-250ml-konsept.jpg",1200,1500,false],"trp-custom-language-flag":["https:\/\/sevilma.com\/wp-content\/uploads\/teos-250ml-konsept-10x12.jpg",10,12,true],"woocommerce_thumbnail":["https:\/\/sevilma.com\/wp-content\/uploads\/teos-250ml-konsept-600x750.jpg",600,750,true],"woocommerce_single":["https:\/\/sevilma.com\/wp-content\/uploads\/teos-250ml-konsept-900x1125.jpg",900,1125,true],"woocommerce_gallery_thumbnail":["https:\/\/sevilma.com\/wp-content\/uploads\/teos-250ml-konsept-100x100.jpg",100,100,true]},"uagb_author_info":{"display_name":"erdem","author_link":"https:\/\/sevilma.com\/en\/author\/"},"uagb_comment_info":0,"uagb_excerpt":"B\u00f6lge: Seferihisar, Teos - 104 \u015ei\u015fe S\u0131n\u0131rl\u0131 \u00dcretim Ya\u011f Kategorisi: So\u011fuk S\u0131k\u0131m Nat\u00fcrel S\u0131zma \u00dcretim: T\u00fcm\u00fcyle Seferihisar Teos \u00e7evresindeki as\u0131rl\u0131k erkence zeytinlerinin meyvelerinden elde edilmi\u015ftir.\u00a0 \u00dcr\u00fcn\u00fcn Sa\u011flad\u0131\u011f\u0131 Uluslararas\u0131 Kriterler: Slow Food Presidium, UNESCO Somut Olmayan K\u00fclt\u00fcr Miras\u0131, Agroekolojik \u00dcretim Lezzet: Y\u00fcksek kokulu, ac\u0131ms\u0131, y\u00fcksek aromal\u0131 Kullan\u0131m \u00d6nerisi: \u00c7i\u011f kullan\u0131m i\u00e7in tavsiye ediyoruz. Salatalara erkence zeytininin&hellip;","_links":{"self":[{"href":"https:\/\/sevilma.com\/en\/wp-json\/wp\/v2\/product\/2771","targetHints":{"allow":["GET"]}}],"collection":[{"href":"https:\/\/sevilma.com\/en\/wp-json\/wp\/v2\/product"}],"about":[{"href":"https:\/\/sevilma.com\/en\/wp-json\/wp\/v2\/types\/product"}],"replies":[{"embeddable":true,"href":"https:\/\/sevilma.com\/en\/wp-json\/wp\/v2\/comments?post=2771"}],"wp:featuredmedia":[{"embeddable":true,"href":"https:\/\/sevilma.com\/en\/wp-json\/wp\/v2\/media\/3510"}],"wp:attachment":[{"href":"https:\/\/sevilma.com\/en\/wp-json\/wp\/v2\/media?parent=2771"}],"wp:term":[{"taxonomy":"product_brand","embeddable":true,"href":"https:\/\/sevilma.com\/en\/wp-json\/wp\/v2\/product_brand?post=2771"},{"taxonomy":"product_cat","embeddable":true,"href":"https:\/\/sevilma.com\/en\/wp-json\/wp\/v2\/product_cat?post=2771"},{"taxonomy":"product_tag","embeddable":true,"href":"https:\/\/sevilma.com\/en\/wp-json\/wp\/v2\/product_tag?post=2771"}],"curies":[{"name":"wp","href":"https:\/\/api.w.org\/{rel}","templated":true}]}}