{"id":2776,"date":"2025-05-22T21:25:25","date_gmt":"2025-05-22T21:25:25","guid":{"rendered":"https:\/\/sevilma.com\/?post_type=product&#038;p=2776"},"modified":"2026-04-06T12:37:42","modified_gmt":"2026-04-06T12:37:42","slug":"izmir-seferihisar-naturel-sizma-zeytinyagi","status":"publish","type":"product","link":"https:\/\/sevilma.com\/en\/product\/izmir-seferihisar-naturel-sizma-zeytinyagi\/","title":{"rendered":"\u0130zmir Seferihisar Nat\u00fcrel S\u0131zma"},"content":{"rendered":"<p><strong>\u0130zmir Seferihisar<\/strong><br \/>\n<strong>Natural Extra Virgin Olive Oil<\/strong><\/p>\n<p>\u0130zmir Seferihisar Nat\u00fcrel S\u0131zma Zeytinya\u011f\u0131, Seferihisar b\u00f6lgesindeki zeytinliklerden alaca hasat d\u00f6neminde toplanan zeytinlerden \u00fcretilir. Hasat edilen zeytinler, bekletilmeden tesisimize ula\u015ft\u0131r\u0131larak tazeli\u011fini ve kalitesini koruyacak \u015fekilde i\u015flenir.<\/p>\n<p>\u00dcretim s\u00fcrecinde so\u011fuk s\u0131k\u0131m kontin\u00fc sistem kullan\u0131l\u0131r. Bu y\u00f6ntem, zeytinin do\u011fal aromatik yap\u0131s\u0131n\u0131 ve besin de\u011ferlerini korumay\u0131 ama\u00e7lar.<\/p>\n<p>0,7 asitlik de\u011ferine sahip olan \u0130zmir Seferihisar Nat\u00fcrel S\u0131zma Zeytinya\u011f\u0131, dengeli yap\u0131s\u0131 ve yumu\u015fak i\u00e7imiyle g\u00fcnl\u00fck kullan\u0131m i\u00e7in ideal bir zeytinya\u011f\u0131d\u0131r.<\/p>\n<p><img loading=\"lazy\" decoding=\"async\" class=\"alignnone size-medium wp-image-3555\" src=\"https:\/\/sevilma.com\/wp-content\/uploads\/seferihisar-harita-300x230.png\" alt=\"\" width=\"300\" height=\"230\" title=\"\" srcset=\"https:\/\/sevilma.com\/wp-content\/uploads\/seferihisar-harita-300x230.png 300w, https:\/\/sevilma.com\/wp-content\/uploads\/seferihisar-harita-1024x785.png 1024w, https:\/\/sevilma.com\/wp-content\/uploads\/seferihisar-harita-768x589.png 768w, https:\/\/sevilma.com\/wp-content\/uploads\/seferihisar-harita-16x12.png 16w, https:\/\/sevilma.com\/wp-content\/uploads\/seferihisar-harita-900x690.png 900w, https:\/\/sevilma.com\/wp-content\/uploads\/seferihisar-harita.png 1104w\" sizes=\"auto, (max-width: 300px) 100vw, 300px\" \/><\/p>","protected":false},"excerpt":{"rendered":"<p><b>Region: <\/b><span style=\"font-weight: 400\">Seferihisar, \u0130zmir<\/span><\/p>\n<p><b>Oil Category: <\/b><span style=\"font-weight: 400\">Cold Pressed Natural Extra Virgin Olive Oil<\/span><\/p>\n<p><b>Olive Varieties: <\/b><span style=\"font-weight: 400\">Seferihisar Nat\u00fcrel S\u0131zma Zeytinya\u011f\u0131, T\u00fcrkiye\u2019nin ilk sakin \u015fehir unvan\u0131na sahip il\u00e7esi Seferihisar\u2019daki zeytin a\u011fa\u00e7lar\u0131ndan \u00fcretiliyor.<\/span><\/p>\n<p><b>Flavor: <\/b><span style=\"font-weight: 400\">Fragrant and highly aromatic<\/span><\/p>\n<p><b>How to Consume: <\/b><span style=\"font-weight: 400\">It can be used in breakfasts, salads, and olive oil-based dishes.<\/span><\/p>","protected":false},"featured_media":3518,"comment_status":"open","ping_status":"closed","template":"","meta":{"_uag_custom_page_level_css":"","site-sidebar-layout":"default","site-content-layout":"","ast-site-content-layout":"default","site-content-style":"default","site-sidebar-style":"default","ast-global-header-display":"","ast-banner-title-visibility":"","ast-main-header-display":"","ast-hfb-above-header-display":"","ast-hfb-below-header-display":"","ast-hfb-mobile-header-display":"","site-post-title":"","ast-breadcrumbs-content":"","ast-featured-img":"","footer-sml-layout":"","ast-disable-related-posts":"","theme-transparent-header-meta":"default","adv-header-id-meta":"","stick-header-meta":"default","header-above-stick-meta":"","header-main-stick-meta":"","header-below-stick-meta":"","astra-migrate-meta-layouts":"set","ast-page-background-enabled":"default","ast-page-background-meta":{"desktop":{"background-color":"var(--ast-global-color-4)","background-image":"","background-repeat":"repeat","background-position":"center center","background-size":"auto","background-attachment":"scroll","background-type":"","background-media":"","overlay-type":"","overlay-color":"","overlay-opacity":"","overlay-gradient":""},"tablet":{"background-color":"","background-image":"","background-repeat":"repeat","background-position":"center center","background-size":"auto","background-attachment":"scroll","background-type":"","background-media":"","overlay-type":"","overlay-color":"","overlay-opacity":"","overlay-gradient":""},"mobile":{"background-color":"","background-image":"","background-repeat":"repeat","background-position":"center center","background-size":"auto","background-attachment":"scroll","background-type":"","background-media":"","overlay-type":"","overlay-color":"","overlay-opacity":"","overlay-gradient":""}},"ast-content-background-meta":{"desktop":{"background-color":"var(--ast-global-color-5)","background-image":"","background-repeat":"repeat","background-position":"center center","background-size":"auto","background-attachment":"scroll","background-type":"","background-media":"","overlay-type":"","overlay-color":"","overlay-opacity":"","overlay-gradient":""},"tablet":{"background-color":"var(--ast-global-color-5)","background-image":"","background-repeat":"repeat","background-position":"center center","background-size":"auto","background-attachment":"scroll","background-type":"","background-media":"","overlay-type":"","overlay-color":"","overlay-opacity":"","overlay-gradient":""},"mobile":{"background-color":"var(--ast-global-color-5)","background-image":"","background-repeat":"repeat","background-position":"center center","background-size":"auto","background-attachment":"scroll","background-type":"","background-media":"","overlay-type":"","overlay-color":"","overlay-opacity":"","overlay-gradient":""}}},"product_brand":[],"product_cat":[62],"product_tag":[],"class_list":{"0":"post-2776","1":"product","2":"type-product","3":"status-publish","4":"has-post-thumbnail","6":"product_cat-naturel-sizma","7":"desktop-align-center","8":"tablet-align-center","9":"mobile-align-center","10":"ast-product-gallery-layout-horizontal-slider","11":"ast-magnify-disabled","12":"ast-product-single-variable","13":"ast-product-tabs-layout-horizontal","15":"first","16":"outofstock","17":"taxable","18":"shipping-taxable","19":"purchasable","20":"product-type-variable"},"uagb_featured_image_src":{"full":["https:\/\/sevilma.com\/wp-content\/uploads\/izmir-seferihisar-teneke-konsept.jpg",1200,1500,false],"thumbnail":["https:\/\/sevilma.com\/wp-content\/uploads\/izmir-seferihisar-teneke-konsept-150x150.jpg",150,150,true],"medium":["https:\/\/sevilma.com\/wp-content\/uploads\/izmir-seferihisar-teneke-konsept-240x300.jpg",240,300,true],"medium_large":["https:\/\/sevilma.com\/wp-content\/uploads\/izmir-seferihisar-teneke-konsept-768x960.jpg",768,960,true],"large":["https:\/\/sevilma.com\/wp-content\/uploads\/izmir-seferihisar-teneke-konsept-819x1024.jpg",819,1024,true],"1536x1536":["https:\/\/sevilma.com\/wp-content\/uploads\/izmir-seferihisar-teneke-konsept.jpg",1200,1500,false],"2048x2048":["https:\/\/sevilma.com\/wp-content\/uploads\/izmir-seferihisar-teneke-konsept.jpg",1200,1500,false],"trp-custom-language-flag":["https:\/\/sevilma.com\/wp-content\/uploads\/izmir-seferihisar-teneke-konsept-10x12.jpg",10,12,true],"woocommerce_thumbnail":["https:\/\/sevilma.com\/wp-content\/uploads\/izmir-seferihisar-teneke-konsept-600x750.jpg",600,750,true],"woocommerce_single":["https:\/\/sevilma.com\/wp-content\/uploads\/izmir-seferihisar-teneke-konsept-900x1125.jpg",900,1125,true],"woocommerce_gallery_thumbnail":["https:\/\/sevilma.com\/wp-content\/uploads\/izmir-seferihisar-teneke-konsept-100x100.jpg",100,100,true]},"uagb_author_info":{"display_name":"erdem","author_link":"https:\/\/sevilma.com\/en\/author\/"},"uagb_comment_info":0,"uagb_excerpt":"B\u00f6lge: Seferihisar, \u0130zmir Ya\u011f Kategorisi: So\u011fuk S\u0131k\u0131m Nat\u00fcrel S\u0131zma \u00dcretim: Seferihisar Nat\u00fcrel S\u0131zma Zeytinya\u011f\u0131, T\u00fcrkiye\u2019nin ilk sakin \u015fehir unvan\u0131na sahip il\u00e7esi Seferihisar\u2019daki zeytin a\u011fa\u00e7lar\u0131ndan \u00fcretiliyor. Lezzet: Kokulu ve y\u00fcksek aromal\u0131 Kullan\u0131m \u00d6nerisi: Kahvalt\u0131larda, salatalarda ve zeytinya\u011fl\u0131 yemeklerde kullan\u0131labilir.","_links":{"self":[{"href":"https:\/\/sevilma.com\/en\/wp-json\/wp\/v2\/product\/2776","targetHints":{"allow":["GET"]}}],"collection":[{"href":"https:\/\/sevilma.com\/en\/wp-json\/wp\/v2\/product"}],"about":[{"href":"https:\/\/sevilma.com\/en\/wp-json\/wp\/v2\/types\/product"}],"replies":[{"embeddable":true,"href":"https:\/\/sevilma.com\/en\/wp-json\/wp\/v2\/comments?post=2776"}],"wp:featuredmedia":[{"embeddable":true,"href":"https:\/\/sevilma.com\/en\/wp-json\/wp\/v2\/media\/3518"}],"wp:attachment":[{"href":"https:\/\/sevilma.com\/en\/wp-json\/wp\/v2\/media?parent=2776"}],"wp:term":[{"taxonomy":"product_brand","embeddable":true,"href":"https:\/\/sevilma.com\/en\/wp-json\/wp\/v2\/product_brand?post=2776"},{"taxonomy":"product_cat","embeddable":true,"href":"https:\/\/sevilma.com\/en\/wp-json\/wp\/v2\/product_cat?post=2776"},{"taxonomy":"product_tag","embeddable":true,"href":"https:\/\/sevilma.com\/en\/wp-json\/wp\/v2\/product_tag?post=2776"}],"curies":[{"name":"wp","href":"https:\/\/api.w.org\/{rel}","templated":true}]}}