{"id":3208,"date":"2025-01-25T06:36:05","date_gmt":"2025-01-25T06:36:05","guid":{"rendered":"https:\/\/sevilma.com\/?post_type=product&#038;p=3208"},"modified":"2026-01-30T15:29:01","modified_gmt":"2026-01-30T15:29:01","slug":"mese-kuluyle-zeytinyagi-sabunu","status":"publish","type":"product","link":"https:\/\/sevilma.com\/en\/product\/mese-kuluyle-zeytinyagi-sabunu\/","title":{"rendered":"Olive Oil Soap with Oak Ash"},"content":{"rendered":"<p>Do\u011fan\u0131n safl\u0131\u011f\u0131ndan ilham alan bu \u00f6zel sabunu, Sevilma Ercan Baba Zeytinya\u011f\u0131 Fabrikas\u0131\u2019nda elde edilen so\u011fuk s\u0131k\u0131m zeytinya\u011f\u0131 ile geleneksel y\u00f6ntemlerle \u00fcrettik. Sabunun i\u00e7eri\u011finde yaln\u0131zca me\u015fe k\u00fcl\u00fc ve zeytinya\u011f\u0131 bulunur. \u00dcretim s\u00fcrecinde kostik, sentetik katk\u0131 maddeleri veya koruyucu kesinlikle kullan\u0131lmaz.<\/p>\n<p>Sevilma Sabunlar\u0131, me\u015fe k\u00fcl\u00fcnden sabun yap\u0131m\u0131n\u0131n son ustalar\u0131ndan biri olan Suna Kalayc\u0131 taraf\u0131ndan tamamen el i\u015f\u00e7ili\u011fiyle \u00fcretilir. Kimyasal katk\u0131 i\u00e7ermeyen bu sade form\u00fcl, etkili ve nazik bir temizlik sunar. Yo\u011fun zeytinya\u011f\u0131 oran\u0131 sayesinde cildi nazik\u00e7e ar\u0131nd\u0131r\u0131rken nem dengesini korur ve yumu\u015fakl\u0131k kazand\u0131r\u0131r. \u00c7ocuklar ve hassas ciltler d\u00e2hil olmak \u00fczere herkesin g\u00fcvenle kullanabilece\u011fi, t\u00fcm\u00fcyle do\u011fal bir alternatiftir.<\/p>\n<p>Sevilma\u2019n\u0131n do\u011fay\u0131 ve insan sa\u011fl\u0131\u011f\u0131n\u0131 birlikte g\u00f6zeten \u00fcretim anlay\u0131\u015f\u0131yla, ge\u00e7mi\u015fin sa\u011fl\u0131kl\u0131 sabun gelene\u011fini g\u00fcn\u00fcm\u00fczle bulu\u015fturuyoruz.<\/p>","protected":false},"excerpt":{"rendered":"<p><b>Region:<\/b> Seferihisar, \u0130zmir<\/p>\n<p><b>Contents: <\/b>Sevilma so\u011fuk s\u0131k\u0131m zeytinya\u011f\u0131, su, me\u015fe odunu k\u00fcl\u00fc<\/p>\n<p><b>Paket i\u00e7eri\u011fi: <\/b>150 g<\/p>\n<p><b>Packaging: <\/b>Kraft Paper<\/p>\n<p><b>Storage Conditions: <\/b>Serin ve kuru yerde muhafaza ediniz. Kulland\u0131ktan sonra sabunu kuru bir zemine b\u0131rak\u0131n\u0131z.<\/p>\n<p><b>Benefits:<\/b>Moisturising, purifying and softening<\/p>\n<p><b>Kullan\u0131m Bi\u00e7imi: <\/b>\u00c7ocuklar ve hassas ciltler i\u00e7in uygundur. El, y\u00fcz ve v\u00fccut temizli\u011finde kullan\u0131labilir.<\/p>","protected":false},"featured_media":3507,"comment_status":"open","ping_status":"closed","template":"","meta":{"_uag_custom_page_level_css":"","site-sidebar-layout":"default","site-content-layout":"","ast-site-content-layout":"default","site-content-style":"default","site-sidebar-style":"default","ast-global-header-display":"","ast-banner-title-visibility":"","ast-main-header-display":"","ast-hfb-above-header-display":"","ast-hfb-below-header-display":"","ast-hfb-mobile-header-display":"","site-post-title":"","ast-breadcrumbs-content":"","ast-featured-img":"","footer-sml-layout":"","ast-disable-related-posts":"","theme-transparent-header-meta":"default","adv-header-id-meta":"","stick-header-meta":"default","header-above-stick-meta":"","header-main-stick-meta":"","header-below-stick-meta":"","astra-migrate-meta-layouts":"set","ast-page-background-enabled":"default","ast-page-background-meta":{"desktop":{"background-color":"var(--ast-global-color-4)","background-image":"","background-repeat":"repeat","background-position":"center center","background-size":"auto","background-attachment":"scroll","background-type":"","background-media":"","overlay-type":"","overlay-color":"","overlay-opacity":"","overlay-gradient":""},"tablet":{"background-color":"","background-image":"","background-repeat":"repeat","background-position":"center center","background-size":"auto","background-attachment":"scroll","background-type":"","background-media":"","overlay-type":"","overlay-color":"","overlay-opacity":"","overlay-gradient":""},"mobile":{"background-color":"","background-image":"","background-repeat":"repeat","background-position":"center center","background-size":"auto","background-attachment":"scroll","background-type":"","background-media":"","overlay-type":"","overlay-color":"","overlay-opacity":"","overlay-gradient":""}},"ast-content-background-meta":{"desktop":{"background-color":"var(--ast-global-color-5)","background-image":"","background-repeat":"repeat","background-position":"center center","background-size":"auto","background-attachment":"scroll","background-type":"","background-media":"","overlay-type":"","overlay-color":"","overlay-opacity":"","overlay-gradient":""},"tablet":{"background-color":"var(--ast-global-color-5)","background-image":"","background-repeat":"repeat","background-position":"center center","background-size":"auto","background-attachment":"scroll","background-type":"","background-media":"","overlay-type":"","overlay-color":"","overlay-opacity":"","overlay-gradient":""},"mobile":{"background-color":"var(--ast-global-color-5)","background-image":"","background-repeat":"repeat","background-position":"center center","background-size":"auto","background-attachment":"scroll","background-type":"","background-media":"","overlay-type":"","overlay-color":"","overlay-opacity":"","overlay-gradient":""}}},"product_brand":[],"product_cat":[81],"product_tag":[],"class_list":{"0":"post-3208","1":"product","2":"type-product","3":"status-publish","4":"has-post-thumbnail","6":"product_cat-bahceden","7":"desktop-align-center","8":"tablet-align-center","9":"mobile-align-center","10":"ast-product-gallery-layout-horizontal-slider","11":"ast-magnify-disabled","12":"ast-product-tabs-layout-horizontal","14":"first","15":"instock","16":"taxable","17":"shipping-taxable","18":"purchasable","19":"product-type-simple"},"uagb_featured_image_src":{"full":["https:\/\/sevilma.com\/wp-content\/uploads\/mesekulusabunu-1.jpg",1200,1500,false],"thumbnail":["https:\/\/sevilma.com\/wp-content\/uploads\/mesekulusabunu-1-150x150.jpg",150,150,true],"medium":["https:\/\/sevilma.com\/wp-content\/uploads\/mesekulusabunu-1-240x300.jpg",240,300,true],"medium_large":["https:\/\/sevilma.com\/wp-content\/uploads\/mesekulusabunu-1-768x960.jpg",768,960,true],"large":["https:\/\/sevilma.com\/wp-content\/uploads\/mesekulusabunu-1-819x1024.jpg",819,1024,true],"1536x1536":["https:\/\/sevilma.com\/wp-content\/uploads\/mesekulusabunu-1.jpg",1200,1500,false],"2048x2048":["https:\/\/sevilma.com\/wp-content\/uploads\/mesekulusabunu-1.jpg",1200,1500,false],"trp-custom-language-flag":["https:\/\/sevilma.com\/wp-content\/uploads\/mesekulusabunu-1-10x12.jpg",10,12,true],"woocommerce_thumbnail":["https:\/\/sevilma.com\/wp-content\/uploads\/mesekulusabunu-1-600x750.jpg",600,750,true],"woocommerce_single":["https:\/\/sevilma.com\/wp-content\/uploads\/mesekulusabunu-1-900x1125.jpg",900,1125,true],"woocommerce_gallery_thumbnail":["https:\/\/sevilma.com\/wp-content\/uploads\/mesekulusabunu-1-100x100.jpg",100,100,true]},"uagb_author_info":{"display_name":"Enes Konu\u015f","author_link":"https:\/\/sevilma.com\/en\/author\/"},"uagb_comment_info":0,"uagb_excerpt":"B\u00f6lge: Seferihisar, \u0130zmir \u0130\u00e7indekiler: Sevilma so\u011fuk s\u0131k\u0131m zeytinya\u011f\u0131, su, me\u015fe odunu k\u00fcl\u00fc Paket i\u00e7eri\u011fi: 150 g Ambalaj: Kraft ka\u011f\u0131t Saklama Ko\u015fullar\u0131: Serin ve kuru yerde muhafaza ediniz. Kulland\u0131ktan sonra sabunu kuru bir zemine b\u0131rak\u0131n\u0131z. Faydalar\u0131:Nemlendirici, ar\u0131nd\u0131r\u0131c\u0131, yumu\u015fat\u0131c\u0131 Kullan\u0131m Bi\u00e7imi: \u00c7ocuklar ve hassas ciltler i\u00e7in uygundur. El, y\u00fcz ve v\u00fccut temizli\u011finde kullan\u0131labilir.","_links":{"self":[{"href":"https:\/\/sevilma.com\/en\/wp-json\/wp\/v2\/product\/3208","targetHints":{"allow":["GET"]}}],"collection":[{"href":"https:\/\/sevilma.com\/en\/wp-json\/wp\/v2\/product"}],"about":[{"href":"https:\/\/sevilma.com\/en\/wp-json\/wp\/v2\/types\/product"}],"replies":[{"embeddable":true,"href":"https:\/\/sevilma.com\/en\/wp-json\/wp\/v2\/comments?post=3208"}],"wp:featuredmedia":[{"embeddable":true,"href":"https:\/\/sevilma.com\/en\/wp-json\/wp\/v2\/media\/3507"}],"wp:attachment":[{"href":"https:\/\/sevilma.com\/en\/wp-json\/wp\/v2\/media?parent=3208"}],"wp:term":[{"taxonomy":"product_brand","embeddable":true,"href":"https:\/\/sevilma.com\/en\/wp-json\/wp\/v2\/product_brand?post=3208"},{"taxonomy":"product_cat","embeddable":true,"href":"https:\/\/sevilma.com\/en\/wp-json\/wp\/v2\/product_cat?post=3208"},{"taxonomy":"product_tag","embeddable":true,"href":"https:\/\/sevilma.com\/en\/wp-json\/wp\/v2\/product_tag?post=3208"}],"curies":[{"name":"wp","href":"https:\/\/api.w.org\/{rel}","templated":true}]}}